{"id":944,"date":"2021-09-16T07:10:06","date_gmt":"2021-09-16T07:10:06","guid":{"rendered":"https:\/\/www.hotelcalpetit.es\/hotel\/"},"modified":"2022-01-07T08:11:06","modified_gmt":"2022-01-07T08:11:06","slug":"hotel","status":"publish","type":"page","link":"https:\/\/www.hotelcalpetit.es\/es\/hotel\/","title":{"rendered":"Hotel"},"content":{"rendered":"[vc_section][vc_row full_width=\u00bbstretch_row_content_no_spaces\u00bb css=\u00bb.vc_custom_1639738272163{background-image: url(http:\/\/www.hotelcalpetit.es\/wp-content\/uploads\/2021\/11\/cabecera-hotel.jpg?id=190) !important;background-position: center !important;background-repeat: no-repeat !important;background-size: cover !important;}\u00bb][vc_column css=\u00bb.vc_custom_1636531037622{border-right-width: 20px !important;border-left-width: 20px !important;border-left-color: #ffffff !important;border-left-style: s\u00f2lid !important;border-right-color: #ffffff !important;border-right-style: s\u00f2lid !important;}\u00bb]<div class=\"vcex-spacing wpex-w-100 wpex-clear bordes hidden-phone\" style=\"height:600px\"><\/div><div class=\"vcex-spacing wpex-w-100 wpex-clear bordes visible-phone\" style=\"height:300px\"><\/div>[\/vc_column][\/vc_row][vc_row full_width=\u00bbstretch_row_content_no_spaces\u00bb css=\u00bb.vc_custom_1636531471698{padding-top: 20px !important;padding-bottom: 20px !important;background-color: #ce9f51 !important;}\u00bb el_class=\u00bbbordes\u00bb][vc_column][vc_column_text el_class=\u00bbcaslon\u00bb color=\u00bb#ffffff\u00bb font_size=\u00bb25&#8243; font_weight=\u00bb600&#8243; text_align=\u00bbcenter\u00bb]\n<h1>Hotel<\/h1>\n[\/vc_column_text][\/vc_column][\/vc_row][vc_row full_width=\u00bbstretch_row_content\u00bb gap=\u00bb30&#8243; equal_height=\u00bbyes\u00bb css=\u00bb.vc_custom_1639738317578{padding-top: 100px !important;padding-bottom: 100px !important;}\u00bb][vc_column width=\u00bb1\/12&#8243;][\/vc_column][vc_column width=\u00bb5\/12&#8243;][vc_column_text font_family=\u00bbMontserrat\u00bb font_size=\u00bb16&#8243;]Cal Petit es un hotel familiar de monta\u00f1a situado en la entrada de Oliana, un peque\u00f1o pueblo al pie de los Pirineos, donde podr\u00e1s disfrutar de una estancia de total desconexi\u00f3n y tranquilidad.<\/p>\n<p>Situado en un acogedor edificio de piedra y madera, en un entorno rural y en medio de la naturaleza, Cal Petit combina la esencia de lo m\u00e1s tradicional con las ventajas de los tiempos modernos. Sus paisajes, su cocina y el trato c\u00e1lido y hogare\u00f1o ofrecido por la familia Esteve, crea un ambiente de paz, confort y tranquilidad que no deja indiferente.<\/p>\n<p>El origen de Cal Petit lo encontramos en el mes de abril de 1984, cuando se inaugur\u00f3 el primer establecimiento, un restaurante situado en la antigua cuadra de una casa solariega. Unos a\u00f1os despu\u00e9s, debido a la construcci\u00f3n del nuevo embalse de Rialb, la casa fue expropiada y la familia tuvo que buscar un nuevo emplazamiento, \u00e9ste ser\u00eda el lugar donde actualmente nos encontramos. En un primer momento, s\u00f3lo se ofrec\u00eda el servicio de restaurante con la cocina tradicional de monta\u00f1a. Y unos a\u00f1os despu\u00e9s, en 2001, se abr\u00eda el hotel.<\/p>\n<p>Hoy, hotel y restaurante son toda una referencia al territorio, por su proximidad con el cliente, por la calidad gastron\u00f3mica y el servicio y tambi\u00e9n por la pasi\u00f3n por los deportes de motor. Prueba de esta pasi\u00f3n, en especial por el MotoCross y el Enduro, se encuentra en muchos rincones de nuestro hotel: el comedor, la recepci\u00f3n, la cafeter\u00eda\u2026 Y es que el GAAAS corre por los genes de la familia Esteve, como bien se ha demostrado, y sigue demostrando el peque\u00f1o de los cuatro hermanos, Isidre Esteve.[\/vc_column_text][\/vc_column][vc_column width=\u00bb5\/12&#8243;]<div class=\"wpex-slider-preloaderimg no-stretch\"><img data-no-lazy=\"1\" class=\"skip-lazy\" src=\"https:\/\/www.hotelcalpetit.es\/wp-content\/uploads\/2021\/10\/cal-petit-home-5-760x530.jpg\" alt=\"\" width=\"760\" height=\"530\" \/><\/div><div class=\"vcex-module wpex-slider slider-pro vcex-image-slider wpex-clr slide no-stretch wpex-lightbox-group\" data-auto-play-delay=\"5000\" data-animation-speed=\"600\" data-height-animation-duration=\"500\" data-thumbnail-height=\"70\" data-thumbnail-width=\"70\" data-show_title=\"false\"><div class=\"wpex-slider-slides sp-slides\"><div class=\"wpex-slider-slide sp-slide\"><div class=\"wpex-slider-media\"><a href=\"https:\/\/www.hotelcalpetit.es\/wp-content\/uploads\/2021\/10\/cal-petit-home-5.jpg\" class=\"vcex-flexslider-entry-img wpex-slider-media-link wpex-lightbox-group-item\"><img data-no-lazy=\"1\" class=\"skip-lazy\" src=\"https:\/\/www.hotelcalpetit.es\/wp-content\/uploads\/2021\/10\/cal-petit-home-5-760x530.jpg\" alt=\"\" width=\"760\" height=\"530\" \/><\/a><\/div><\/div><div class=\"wpex-slider-slide sp-slide\"><div class=\"wpex-slider-media\"><a href=\"https:\/\/www.hotelcalpetit.es\/wp-content\/uploads\/2021\/10\/cal-petit-home-3.jpeg\" class=\"vcex-flexslider-entry-img wpex-slider-media-link wpex-lightbox-group-item\"><img data-no-lazy=\"1\" class=\"skip-lazy\" src=\"https:\/\/www.hotelcalpetit.es\/wp-content\/uploads\/2021\/10\/cal-petit-home-3-760x530.jpeg\" alt=\"\" width=\"760\" height=\"530\" \/><\/a><\/div><\/div><div class=\"wpex-slider-slide sp-slide\"><div class=\"wpex-slider-media\"><a href=\"https:\/\/www.hotelcalpetit.es\/wp-content\/uploads\/2021\/11\/hotel-scaled.jpeg\" class=\"vcex-flexslider-entry-img wpex-slider-media-link wpex-lightbox-group-item\"><img data-no-lazy=\"1\" class=\"skip-lazy\" src=\"https:\/\/www.hotelcalpetit.es\/wp-content\/uploads\/2021\/11\/hotel-scaled-760x530.jpeg\" alt=\"\" width=\"760\" height=\"530\" \/><\/a><\/div><\/div><div class=\"wpex-slider-slide sp-slide\"><div class=\"wpex-slider-media\"><a href=\"https:\/\/www.hotelcalpetit.es\/wp-content\/uploads\/2021\/11\/DSC_9483-scaled.jpg\" class=\"vcex-flexslider-entry-img wpex-slider-media-link wpex-lightbox-group-item\"><img data-no-lazy=\"1\" class=\"skip-lazy\" src=\"https:\/\/www.hotelcalpetit.es\/wp-content\/uploads\/2021\/11\/DSC_9483-scaled-760x530.jpg\" alt=\"\" width=\"760\" height=\"530\" \/><\/a><\/div><\/div><div class=\"wpex-slider-slide sp-slide\"><div class=\"wpex-slider-media\"><a href=\"https:\/\/www.hotelcalpetit.es\/wp-content\/uploads\/2021\/11\/hotel-3-scaled.jpeg\" class=\"vcex-flexslider-entry-img wpex-slider-media-link wpex-lightbox-group-item\"><img data-no-lazy=\"1\" class=\"skip-lazy\" src=\"https:\/\/www.hotelcalpetit.es\/wp-content\/uploads\/2021\/11\/hotel-3-scaled-760x530.jpeg\" alt=\"\" width=\"760\" height=\"530\" \/><\/a><\/div><\/div><\/div><\/div>[\/vc_column][vc_column width=\u00bb1\/12&#8243;][\/vc_column][\/vc_row][vc_row full_width=\u00bbstretch_row_content\u00bb css=\u00bb.vc_custom_1640000344479{padding-top: 100px !important;padding-bottom: 100px !important;background-color: #f4f3f1 !important;}\u00bb visibility=\u00bbhidden-phone\u00bb][vc_column width=\u00bb1\/12&#8243;][\/vc_column][vc_column width=\u00bb10\/12&#8243;][vc_text_separator title=\u00bbSERVICIOS\u00bb color=\u00bbblack\u00bb el_width=\u00bb60&#8243;]<div class=\"vcex-spacing wpex-w-100 wpex-clear\" style=\"height:60px\"><\/div>[vc_row_inner][vc_column_inner width=\u00bb1\/5&#8243;][vc_single_image image=\u00bb198&#8243; alignment=\u00bbcenter\u00bb][vc_column_text el_class=\u00bbcaslon\u00bb color=\u00bb#ce9f51&#8243; text_align=\u00bbcenter\u00bb font_size=\u00bb16&#8243;]Restaurante[\/vc_column_text][vc_column_text text_align=\u00bbcenter\u00bb font_family=\u00bbMontserrat\u00bb color=\u00bb#000000&#8243;]Cocina tradicional de monta\u00f1a.[\/vc_column_text][\/vc_column_inner][vc_column_inner width=\u00bb1\/5&#8243;][vc_single_image image=\u00bb202&#8243; alignment=\u00bbcenter\u00bb][vc_column_text el_class=\u00bbcaslon\u00bb color=\u00bb#ce9f51&#8243; text_align=\u00bbcenter\u00bb font_size=\u00bb16&#8243;]Sala de estar[\/vc_column_text][vc_column_text text_align=\u00bbcenter\u00bb font_family=\u00bbMontserrat\u00bb color=\u00bb#000000&#8243;]Un espacio para relajarse y disfrutar del momento.[\/vc_column_text][\/vc_column_inner][vc_column_inner width=\u00bb1\/5&#8243;][vc_single_image image=\u00bb206&#8243; alignment=\u00bbcenter\u00bb][vc_column_text el_class=\u00bbcaslon\u00bb color=\u00bb#ce9f51&#8243; text_align=\u00bbcenter\u00bb font_size=\u00bb16&#8243;]Piscinas[\/vc_column_text][vc_column_text text_align=\u00bbcenter\u00bb font_family=\u00bbMontserrat\u00bb color=\u00bb#000000&#8243;]Dos piscinas de agua salada cubiertas.[\/vc_column_text][\/vc_column_inner][vc_column_inner width=\u00bb1\/5&#8243;][vc_single_image image=\u00bb210&#8243; alignment=\u00bbcenter\u00bb][vc_column_text el_class=\u00bbcaslon\u00bb color=\u00bb#ce9f51&#8243; text_align=\u00bbcenter\u00bb font_size=\u00bb16&#8243;]Zona de juegos[\/vc_column_text][vc_column_text text_align=\u00bbcenter\u00bb font_family=\u00bbMontserrat\u00bb color=\u00bb#000000&#8243;]Un espacio muy divertido para los m\u00e1s peque\u00f1os.[\/vc_column_text][\/vc_column_inner][vc_column_inner width=\u00bb1\/5&#8243;][vc_single_image image=\u00bb214&#8243; alignment=\u00bbcenter\u00bb][vc_column_text el_class=\u00bbcaslon\u00bb color=\u00bb#ce9f51&#8243; text_align=\u00bbcenter\u00bb font_size=\u00bb16&#8243;]Jard\u00edn[\/vc_column_text][vc_column_text text_align=\u00bbcenter\u00bb font_family=\u00bbMontserrat\u00bb color=\u00bb#000000&#8243;]Tranquilidad y sosiego en un entorno \u00fanico.[\/vc_column_text][\/vc_column_inner][\/vc_row_inner]<div class=\"vcex-spacing wpex-w-100 wpex-clear\" style=\"height:30px\"><\/div>[vc_row_inner][vc_column_inner width=\u00bb1\/6&#8243;][\/vc_column_inner][vc_column_inner width=\u00bb1\/6&#8243;][vc_single_image image=\u00bb218&#8243; alignment=\u00bbcenter\u00bb][vc_column_text el_class=\u00bbcaslon\u00bb color=\u00bb#ce9f51&#8243; text_align=\u00bbcenter\u00bb font_size=\u00bb16&#8243;]Parking y garaje privado[\/vc_column_text][vc_column_text text_align=\u00bbcenter\u00bb font_family=\u00bbMontserrat\u00bb color=\u00bb#000000&#8243;]Garaje para motos y bicicletas con su peque\u00f1o taller. Parking exterior cubierto para coches.[\/vc_column_text][\/vc_column_inner][vc_column_inner width=\u00bb1\/6&#8243;][vc_single_image image=\u00bb222&#8243; alignment=\u00bbcenter\u00bb][vc_column_text el_class=\u00bbcaslon\u00bb color=\u00bb#ce9f51&#8243; text_align=\u00bbcenter\u00bb font_size=\u00bb16&#8243;]Punto de carga[\/vc_column_text][vc_column_text text_align=\u00bbcenter\u00bb font_family=\u00bbMontserrat\u00bb color=\u00bb#000000&#8243;]4 puntos de carga para veh\u00edculos el\u00e9ctricos (2022).[\/vc_column_text][\/vc_column_inner][vc_column_inner width=\u00bb1\/6&#8243;][vc_single_image image=\u00bb226&#8243; alignment=\u00bbcenter\u00bb][vc_column_text el_class=\u00bbcaslon\u00bb color=\u00bb#ce9f51&#8243; text_align=\u00bbcenter\u00bb font_size=\u00bb16&#8243;]WiFi gratuito[\/vc_column_text][vc_column_text text_align=\u00bbcenter\u00bb font_family=\u00bbMontserrat\u00bb color=\u00bb#000000&#8243;]Exclusivo para clientes del hotel y restaurante.[\/vc_column_text][\/vc_column_inner][vc_column_inner width=\u00bb1\/6&#8243;][vc_single_image image=\u00bb230&#8243; alignment=\u00bbcenter\u00bb][vc_column_text el_class=\u00bbcaslon\u00bb color=\u00bb#ce9f51&#8243; text_align=\u00bbcenter\u00bb font_size=\u00bb16&#8243;]Pet friendly[\/vc_column_text][vc_column_text text_align=\u00bbcenter\u00bb font_family=\u00bbMontserrat\u00bb color=\u00bb#000000&#8243;]Hotel y restaurante abierto a mascotas (con restricciones).[\/vc_column_text][\/vc_column_inner][vc_column_inner width=\u00bb1\/6&#8243;][\/vc_column_inner][\/vc_row_inner][\/vc_column][vc_column width=\u00bb1\/12&#8243;][\/vc_column][\/vc_row][vc_row full_width=\u00bbstretch_row_content\u00bb css=\u00bb.vc_custom_1640000395719{padding-top: 100px !important;padding-bottom: 100px !important;background-color: #f4f3f1 !important;}\u00bb visibility=\u00bbvisible-phone\u00bb][vc_column width=\u00bb1\/12&#8243;][\/vc_column][vc_column width=\u00bb10\/12&#8243;][vc_text_separator title=\u00bbSERVICIOS\u00bb color=\u00bbblack\u00bb el_width=\u00bb60&#8243;]<div class=\"vcex-spacing wpex-w-100 wpex-clear\" style=\"height:60px\"><\/div>[vc_row_inner equal_height=\u00bbyes\u00bb el_class=\u00bbserveis\u00bb][vc_column_inner width=\u00bb1\/2&#8243;][vc_single_image image=\u00bb198&#8243; alignment=\u00bbcenter\u00bb][vc_column_text el_class=\u00bbcaslon\u00bb color=\u00bb#ce9f51&#8243; text_align=\u00bbcenter\u00bb font_size=\u00bb16&#8243;]Restaurante[\/vc_column_text][vc_column_text text_align=\u00bbcenter\u00bb font_family=\u00bbMontserrat\u00bb color=\u00bb#000000&#8243;]Cocina tradicional de monta\u00f1a.[\/vc_column_text][\/vc_column_inner][vc_column_inner width=\u00bb1\/2&#8243;][vc_single_image image=\u00bb202&#8243; alignment=\u00bbcenter\u00bb][vc_column_text el_class=\u00bbcaslon\u00bb color=\u00bb#ce9f51&#8243; text_align=\u00bbcenter\u00bb font_size=\u00bb16&#8243;]Sala de estar[\/vc_column_text][vc_column_text text_align=\u00bbcenter\u00bb font_family=\u00bbMontserrat\u00bb color=\u00bb#000000&#8243;]Un espacio para relajarse y disfrutar del momento.[\/vc_column_text][\/vc_column_inner][\/vc_row_inner][vc_row_inner equal_height=\u00bbyes\u00bb el_class=\u00bbserveis\u00bb][vc_column_inner width=\u00bb1\/2&#8243;][vc_single_image image=\u00bb206&#8243; alignment=\u00bbcenter\u00bb][vc_column_text el_class=\u00bbcaslon\u00bb color=\u00bb#ce9f51&#8243; text_align=\u00bbcenter\u00bb font_size=\u00bb16&#8243;]Piscinas[\/vc_column_text][vc_column_text text_align=\u00bbcenter\u00bb font_family=\u00bbMontserrat\u00bb color=\u00bb#000000&#8243;]Dos piscinas de agua salada cubiertas.[\/vc_column_text][\/vc_column_inner][vc_column_inner width=\u00bb1\/2&#8243;][vc_single_image image=\u00bb210&#8243; alignment=\u00bbcenter\u00bb][vc_column_text el_class=\u00bbcaslon\u00bb color=\u00bb#ce9f51&#8243; text_align=\u00bbcenter\u00bb font_size=\u00bb16&#8243;]Zona de juegos[\/vc_column_text][vc_column_text text_align=\u00bbcenter\u00bb font_family=\u00bbMontserrat\u00bb color=\u00bb#000000&#8243;]Un espacio muy divertido para los m\u00e1s peque\u00f1os.[\/vc_column_text][\/vc_column_inner][\/vc_row_inner][vc_row_inner equal_height=\u00bbyes\u00bb el_class=\u00bbserveis\u00bb][vc_column_inner width=\u00bb1\/2&#8243;][vc_single_image image=\u00bb214&#8243; alignment=\u00bbcenter\u00bb][vc_column_text el_class=\u00bbcaslon\u00bb color=\u00bb#ce9f51&#8243; text_align=\u00bbcenter\u00bb font_size=\u00bb16&#8243;]Jard\u00edn[\/vc_column_text][vc_column_text text_align=\u00bbcenter\u00bb font_family=\u00bbMontserrat\u00bb color=\u00bb#000000&#8243;]Tranquilidad y sosiego en un entorno \u00fanico.[\/vc_column_text][\/vc_column_inner][vc_column_inner width=\u00bb1\/2&#8243;][vc_single_image image=\u00bb218&#8243; alignment=\u00bbcenter\u00bb][vc_column_text el_class=\u00bbcaslon\u00bb color=\u00bb#ce9f51&#8243; text_align=\u00bbcenter\u00bb font_size=\u00bb16&#8243;]Parking y garaje privado[\/vc_column_text][vc_column_text text_align=\u00bbcenter\u00bb font_family=\u00bbMontserrat\u00bb color=\u00bb#000000&#8243;]Garaje para motos y bicicletas con su peque\u00f1o taller. Parking exterior cubierto para coches.[\/vc_column_text][\/vc_column_inner][\/vc_row_inner][vc_row_inner equal_height=\u00bbyes\u00bb el_class=\u00bbserveis\u00bb][vc_column_inner width=\u00bb1\/2&#8243;][vc_single_image image=\u00bb222&#8243; alignment=\u00bbcenter\u00bb][vc_column_text el_class=\u00bbcaslon\u00bb color=\u00bb#ce9f51&#8243; text_align=\u00bbcenter\u00bb font_size=\u00bb16&#8243;]Punto de carga[\/vc_column_text][vc_column_text text_align=\u00bbcenter\u00bb font_family=\u00bbMontserrat\u00bb color=\u00bb#000000&#8243;]4 puntos de carga para veh\u00edculos el\u00e9ctricos (2022).[\/vc_column_text][\/vc_column_inner][vc_column_inner width=\u00bb1\/2&#8243;][vc_single_image image=\u00bb226&#8243; alignment=\u00bbcenter\u00bb][vc_column_text el_class=\u00bbcaslon\u00bb color=\u00bb#ce9f51&#8243; text_align=\u00bbcenter\u00bb font_size=\u00bb16&#8243;]WiFi gratuito[\/vc_column_text][vc_column_text text_align=\u00bbcenter\u00bb font_family=\u00bbMontserrat\u00bb color=\u00bb#000000&#8243;]Exclusivo para clientes del hotel y restaurante.[\/vc_column_text][\/vc_column_inner][\/vc_row_inner][vc_row_inner el_class=\u00bbserveis\u00bb][vc_column_inner][vc_single_image image=\u00bb230&#8243; alignment=\u00bbcenter\u00bb][vc_column_text el_class=\u00bbcaslon\u00bb color=\u00bb#ce9f51&#8243; text_align=\u00bbcenter\u00bb font_size=\u00bb16&#8243;]Pet friendly[\/vc_column_text][vc_column_text text_align=\u00bbcenter\u00bb font_family=\u00bbMontserrat\u00bb color=\u00bb#000000&#8243;]Hotel y restaurante abierto a mascotas (con restricciones).[\/vc_column_text][\/vc_column_inner][\/vc_row_inner][\/vc_column][vc_column width=\u00bb1\/12&#8243;][\/vc_column][\/vc_row][\/vc_section]\n","protected":false},"excerpt":{"rendered":"<p>[vc_section][vc_row full_width=\u00bbstretch_row_content_no_spaces\u00bb css=\u00bb.vc_custom_1639738272163{background-image: url(http:\/\/www.hotelcalpetit.es\/wp-content\/uploads\/2021\/11\/cabecera-hotel.jpg?id=190) !important;background-position: center !important;background-repeat: no-repeat !important;background-size: cover !important;}\u00bb][vc_column css=\u00bb.vc_custom_1636531037622{border-right-width: 20px !important;border-left-width: 20px !important;border-left-color: #ffffff !important;border-left-style: s\u00f2lid !important;border-right-color: #ffffff !important;border-right-style: s\u00f2lid !important;}\u00bb][\/vc_column][\/vc_row][vc_row full_width=\u00bbstretch_row_content_no_spaces\u00bb css=\u00bb.vc_custom_1636531471698{padding-top: 20px !important;padding-bottom: 20px !important;background-color: #ce9f51 !important;}\u00bb el_class=\u00bbbordes\u00bb][vc_column][vc_column_text el_class=\u00bbcaslon\u00bb color=\u00bb#ffffff\u00bb font_size=\u00bb25&#8243; font_weight=\u00bb600&#8243; text_align=\u00bbcenter\u00bb] Hotel [\/vc_column_text][\/vc_column][\/vc_row][vc_row full_width=\u00bbstretch_row_content\u00bb gap=\u00bb30&#8243; equal_height=\u00bbyes\u00bb css=\u00bb.vc_custom_1639738317578{padding-top: 100px !important;padding-bottom: 100px !important;}\u00bb][vc_column width=\u00bb1\/12&#8243;][\/vc_column][vc_column width=\u00bb5\/12&#8243;][vc_column_text font_family=\u00bbMontserrat\u00bb font_size=\u00bb16&#8243;]Cal Petit es un&hellip;<\/p>\n","protected":false},"author":1,"featured_media":0,"parent":0,"menu_order":0,"comment_status":"closed","ping_status":"closed","template":"","meta":[],"yoast_head":"<!-- This site is optimized with the Yoast SEO plugin v17.8 - https:\/\/yoast.com\/wordpress\/plugins\/seo\/ -->\n<title>Hotel - Cal Petit<\/title>\n<meta name=\"robots\" content=\"noindex, follow, max-snippet:-1, max-image-preview:large, max-video-preview:-1\" \/>\n<meta property=\"og:locale\" content=\"es_ES\" \/>\n<meta property=\"og:type\" content=\"article\" \/>\n<meta property=\"og:title\" content=\"Hotel - Cal Petit\" \/>\n<meta property=\"og:description\" content=\"[vc_section][vc_row full_width=\u00bbstretch_row_content_no_spaces\u00bb css=\u00bb.vc_custom_1639738272163{background-image: url(http:\/\/www.hotelcalpetit.es\/wp-content\/uploads\/2021\/11\/cabecera-hotel.jpg?id=190) !important;background-position: center !important;background-repeat: no-repeat !important;background-size: cover !important;}\u00bb][vc_column css=\u00bb.vc_custom_1636531037622{border-right-width: 20px !important;border-left-width: 20px !important;border-left-color: #ffffff !important;border-left-style: s\u00f2lid !important;border-right-color: #ffffff !important;border-right-style: s\u00f2lid !important;}\u00bb][\/vc_column][\/vc_row][vc_row full_width=\u00bbstretch_row_content_no_spaces\u00bb css=\u00bb.vc_custom_1636531471698{padding-top: 20px !important;padding-bottom: 20px !important;background-color: #ce9f51 !important;}\u00bb el_class=\u00bbbordes\u00bb][vc_column][vc_column_text el_class=\u00bbcaslon\u00bb color=\u00bb#ffffff\u00bb font_size=\u00bb25&#8243; font_weight=\u00bb600&#8243; text_align=\u00bbcenter\u00bb] Hotel [\/vc_column_text][\/vc_column][\/vc_row][vc_row full_width=\u00bbstretch_row_content\u00bb gap=\u00bb30&#8243; equal_height=\u00bbyes\u00bb css=\u00bb.vc_custom_1639738317578{padding-top: 100px !important;padding-bottom: 100px !important;}\u00bb][vc_column width=\u00bb1\/12&#8243;][\/vc_column][vc_column width=\u00bb5\/12&#8243;][vc_column_text font_family=\u00bbMontserrat\u00bb font_size=\u00bb16&#8243;]Cal Petit es un&hellip;\" \/>\n<meta property=\"og:url\" content=\"https:\/\/www.hotelcalpetit.es\/es\/hotel\/\" \/>\n<meta property=\"og:site_name\" content=\"Cal Petit\" \/>\n<meta property=\"article:modified_time\" content=\"2022-01-07T08:11:06+00:00\" \/>\n<meta name=\"twitter:card\" content=\"summary_large_image\" \/>\n<meta name=\"twitter:label1\" content=\"Tiempo de lectura\" \/>\n\t<meta name=\"twitter:data1\" content=\"8 minutos\" \/>\n<script type=\"application\/ld+json\" class=\"yoast-schema-graph\">{\"@context\":\"https:\/\/schema.org\",\"@graph\":[{\"@type\":\"WebSite\",\"@id\":\"https:\/\/www.hotelcalpetit.es\/#website\",\"url\":\"https:\/\/www.hotelcalpetit.es\/\",\"name\":\"Cal Petit\",\"description\":\"\",\"potentialAction\":[{\"@type\":\"SearchAction\",\"target\":{\"@type\":\"EntryPoint\",\"urlTemplate\":\"https:\/\/www.hotelcalpetit.es\/?s={search_term_string}\"},\"query-input\":\"required name=search_term_string\"}],\"inLanguage\":\"es\"},{\"@type\":\"WebPage\",\"@id\":\"https:\/\/www.hotelcalpetit.es\/es\/hotel\/#webpage\",\"url\":\"https:\/\/www.hotelcalpetit.es\/es\/hotel\/\",\"name\":\"Hotel - Cal Petit\",\"isPartOf\":{\"@id\":\"https:\/\/www.hotelcalpetit.es\/#website\"},\"datePublished\":\"2021-09-16T07:10:06+00:00\",\"dateModified\":\"2022-01-07T08:11:06+00:00\",\"breadcrumb\":{\"@id\":\"https:\/\/www.hotelcalpetit.es\/es\/hotel\/#breadcrumb\"},\"inLanguage\":\"es\",\"potentialAction\":[{\"@type\":\"ReadAction\",\"target\":[\"https:\/\/www.hotelcalpetit.es\/es\/hotel\/\"]}]},{\"@type\":\"BreadcrumbList\",\"@id\":\"https:\/\/www.hotelcalpetit.es\/es\/hotel\/#breadcrumb\",\"itemListElement\":[{\"@type\":\"ListItem\",\"position\":1,\"name\":\"Inici\",\"item\":\"https:\/\/www.hotelcalpetit.es\/es\/\"},{\"@type\":\"ListItem\",\"position\":2,\"name\":\"Hotel\"}]}]}<\/script>\n<!-- \/ Yoast SEO plugin. -->","yoast_head_json":{"title":"Hotel - Cal Petit","robots":{"index":"noindex","follow":"follow","max-snippet":"max-snippet:-1","max-image-preview":"max-image-preview:large","max-video-preview":"max-video-preview:-1"},"og_locale":"es_ES","og_type":"article","og_title":"Hotel - Cal Petit","og_description":"[vc_section][vc_row full_width=\u00bbstretch_row_content_no_spaces\u00bb css=\u00bb.vc_custom_1639738272163{background-image: url(http:\/\/www.hotelcalpetit.es\/wp-content\/uploads\/2021\/11\/cabecera-hotel.jpg?id=190) !important;background-position: center !important;background-repeat: no-repeat !important;background-size: cover !important;}\u00bb][vc_column css=\u00bb.vc_custom_1636531037622{border-right-width: 20px !important;border-left-width: 20px !important;border-left-color: #ffffff !important;border-left-style: s\u00f2lid !important;border-right-color: #ffffff !important;border-right-style: s\u00f2lid !important;}\u00bb][\/vc_column][\/vc_row][vc_row full_width=\u00bbstretch_row_content_no_spaces\u00bb css=\u00bb.vc_custom_1636531471698{padding-top: 20px !important;padding-bottom: 20px !important;background-color: #ce9f51 !important;}\u00bb el_class=\u00bbbordes\u00bb][vc_column][vc_column_text el_class=\u00bbcaslon\u00bb color=\u00bb#ffffff\u00bb font_size=\u00bb25&#8243; font_weight=\u00bb600&#8243; text_align=\u00bbcenter\u00bb] Hotel [\/vc_column_text][\/vc_column][\/vc_row][vc_row full_width=\u00bbstretch_row_content\u00bb gap=\u00bb30&#8243; equal_height=\u00bbyes\u00bb css=\u00bb.vc_custom_1639738317578{padding-top: 100px !important;padding-bottom: 100px !important;}\u00bb][vc_column width=\u00bb1\/12&#8243;][\/vc_column][vc_column width=\u00bb5\/12&#8243;][vc_column_text font_family=\u00bbMontserrat\u00bb font_size=\u00bb16&#8243;]Cal Petit es un&hellip;","og_url":"https:\/\/www.hotelcalpetit.es\/es\/hotel\/","og_site_name":"Cal Petit","article_modified_time":"2022-01-07T08:11:06+00:00","twitter_card":"summary_large_image","twitter_misc":{"Tiempo de lectura":"8 minutos"},"schema":{"@context":"https:\/\/schema.org","@graph":[{"@type":"WebSite","@id":"https:\/\/www.hotelcalpetit.es\/#website","url":"https:\/\/www.hotelcalpetit.es\/","name":"Cal Petit","description":"","potentialAction":[{"@type":"SearchAction","target":{"@type":"EntryPoint","urlTemplate":"https:\/\/www.hotelcalpetit.es\/?s={search_term_string}"},"query-input":"required name=search_term_string"}],"inLanguage":"es"},{"@type":"WebPage","@id":"https:\/\/www.hotelcalpetit.es\/es\/hotel\/#webpage","url":"https:\/\/www.hotelcalpetit.es\/es\/hotel\/","name":"Hotel - Cal Petit","isPartOf":{"@id":"https:\/\/www.hotelcalpetit.es\/#website"},"datePublished":"2021-09-16T07:10:06+00:00","dateModified":"2022-01-07T08:11:06+00:00","breadcrumb":{"@id":"https:\/\/www.hotelcalpetit.es\/es\/hotel\/#breadcrumb"},"inLanguage":"es","potentialAction":[{"@type":"ReadAction","target":["https:\/\/www.hotelcalpetit.es\/es\/hotel\/"]}]},{"@type":"BreadcrumbList","@id":"https:\/\/www.hotelcalpetit.es\/es\/hotel\/#breadcrumb","itemListElement":[{"@type":"ListItem","position":1,"name":"Inici","item":"https:\/\/www.hotelcalpetit.es\/es\/"},{"@type":"ListItem","position":2,"name":"Hotel"}]}]}},"_links":{"self":[{"href":"https:\/\/www.hotelcalpetit.es\/es\/wp-json\/wp\/v2\/pages\/944"}],"collection":[{"href":"https:\/\/www.hotelcalpetit.es\/es\/wp-json\/wp\/v2\/pages"}],"about":[{"href":"https:\/\/www.hotelcalpetit.es\/es\/wp-json\/wp\/v2\/types\/page"}],"author":[{"embeddable":true,"href":"https:\/\/www.hotelcalpetit.es\/es\/wp-json\/wp\/v2\/users\/1"}],"replies":[{"embeddable":true,"href":"https:\/\/www.hotelcalpetit.es\/es\/wp-json\/wp\/v2\/comments?post=944"}],"version-history":[{"count":1,"href":"https:\/\/www.hotelcalpetit.es\/es\/wp-json\/wp\/v2\/pages\/944\/revisions"}],"predecessor-version":[{"id":946,"href":"https:\/\/www.hotelcalpetit.es\/es\/wp-json\/wp\/v2\/pages\/944\/revisions\/946"}],"wp:attachment":[{"href":"https:\/\/www.hotelcalpetit.es\/es\/wp-json\/wp\/v2\/media?parent=944"}],"curies":[{"name":"wp","href":"https:\/\/api.w.org\/{rel}","templated":true}]}}