{"id":953,"date":"2021-09-16T07:28:56","date_gmt":"2021-09-16T07:28:56","guid":{"rendered":"https:\/\/www.hotelcalpetit.es\/promocions\/"},"modified":"2022-01-07T08:33:05","modified_gmt":"2022-01-07T08:33:05","slug":"promociones","status":"publish","type":"page","link":"https:\/\/www.hotelcalpetit.es\/es\/promociones\/","title":{"rendered":"Promociones"},"content":{"rendered":"[vc_section][vc_row full_width=\u00bbstretch_row_content_no_spaces\u00bb css=\u00bb.vc_custom_1639741526878{background-image: url(http:\/\/www.hotelcalpetit.es\/wp-content\/uploads\/2021\/11\/promocion-header.jpg?id=438) !important;background-position: center !important;background-repeat: no-repeat !important;background-size: cover !important;}\u00bb][vc_column css=\u00bb.vc_custom_1636531037622{border-right-width: 20px !important;border-left-width: 20px !important;border-left-color: #ffffff !important;border-left-style: s\u00f2lid !important;border-right-color: #ffffff !important;border-right-style: s\u00f2lid !important;}\u00bb]<div class=\"vcex-spacing wpex-w-100 wpex-clear bordes hidden-phone\" style=\"height:600px\"><\/div><div class=\"vcex-spacing wpex-w-100 wpex-clear bordes visible-phone\" style=\"height:300px\"><\/div>[\/vc_column][\/vc_row][vc_row full_width=\u00bbstretch_row_content_no_spaces\u00bb css=\u00bb.vc_custom_1636531471698{padding-top: 20px !important;padding-bottom: 20px !important;background-color: #ce9f51 !important;}\u00bb el_class=\u00bbbordes\u00bb][vc_column][vc_column_text el_class=\u00bbcaslon\u00bb color=\u00bb#ffffff\u00bb font_size=\u00bb25&#8243; font_weight=\u00bb600&#8243; text_align=\u00bbcenter\u00bb]\n<h1>Promociones<\/h1>\n[\/vc_column_text][\/vc_column][\/vc_row][vc_row full_width=\u00bbstretch_row_content\u00bb css=\u00bb.vc_custom_1639741533403{padding-top: 100px !important;padding-bottom: 100px !important;}\u00bb][vc_column width=\u00bb1\/12&#8243;][\/vc_column][vc_column width=\u00bb10\/12&#8243;][vc_row_inner equal_height=\u00bbyes\u00bb gap=\u00bb20&#8243; el_class=\u00bbpacks\u00bb][vc_column_inner el_class=\u00bbpromo\u00bb width=\u00bb1\/2&#8243; css=\u00bb.vc_custom_1640002016667{padding-top: 40px !important;padding-right: 40px !important;padding-bottom: 40px !important;padding-left: 40px !important;background: #000000 url(http:\/\/www.hotelcalpetit.es\/wp-content\/uploads\/2021\/11\/pack-romantic-1.jpg?id=464) !important;background-position: center !important;background-repeat: no-repeat !important;background-size: cover !important;}\u00bb el_id=\u00bbpromo1&#8243;][vc_column_text el_class=\u00bbcaslon\u00bb color=\u00bb#ce9f51&#8243; font_size=\u00bb20&#8243;]PACK ROM\u00c1NTICO[\/vc_column_text][vc_column_text color=\u00bb#ffffff\u00bb font_size=\u00bb16&#8243;]Una noche de alojamiento en habitaci\u00f3n Gran Confort para dos personas con desayuno incluido; una botella de vino blanco, tinto o cava; bombones y decoraci\u00f3n rom\u00e1ntica.[\/vc_column_text]<div class=\"vcex-spacing wpex-w-100 wpex-clear\" style=\"height:20px\"><\/div><div class=\"theme-button-block-wrap wpex-block wpex-clear theme-button-wrap wpex-clr\"><a href=\"\/contacte\/\" class=\"vcex-button theme-button outline block promo-hover1\" style=\"padding-top:10px;padding-right:20px;padding-bottom:10px;padding-left:20px;color:#ffffff;border-radius:0;border-color:#ffffff;\" data-wpex-hover='{&quot;background&quot;:&quot;#ffffff&quot;,&quot;color&quot;:&quot;#000000&quot;}'><span class=\"theme-button-inner\">RESERVAR PACK<span class=\"vcex-icon-wrap theme-button-icon-right\"><span class=\"ticon ticon-long-arrow-right\" aria-hidden=\"true\"><\/span><\/span><\/span><\/a><\/div> [\/vc_column_inner][vc_column_inner el_class=\u00bbpromo\u00bb width=\u00bb1\/2&#8243; css=\u00bb.vc_custom_1640002023964{padding-top: 40px !important;padding-right: 40px !important;padding-bottom: 40px !important;padding-left: 40px !important;background: #000000 url(http:\/\/www.hotelcalpetit.es\/wp-content\/uploads\/2021\/11\/pack-relax-1.jpg?id=468) !important;background-position: center !important;background-repeat: no-repeat !important;background-size: cover !important;}\u00bb el_id=\u00bbpromo2&#8243;][vc_column_text el_class=\u00bbcaslon\u00bb color=\u00bb#ce9f51&#8243; font_size=\u00bb20&#8243;]PACK RELAX[\/vc_column_text][vc_column_text color=\u00bb#ffffff\u00bb font_size=\u00bb16&#8243;]Una noche de alojamiento en nuestra exclusiva suite con jacuzzi para dos personas con desayuno incluido; sales de ba\u00f1o y una botella de vino blanco, tinto o cava.[\/vc_column_text]<div class=\"vcex-spacing wpex-w-100 wpex-clear\" style=\"height:20px\"><\/div><div class=\"theme-button-block-wrap wpex-block wpex-clear theme-button-wrap wpex-clr\"><a href=\"\/contacte\/\" class=\"vcex-button theme-button outline block promo-hover2\" style=\"padding-top:10px;padding-right:20px;padding-bottom:10px;padding-left:20px;color:#ffffff;border-radius:0;border-color:#ffffff;\" data-wpex-hover='{&quot;background&quot;:&quot;#ffffff&quot;,&quot;color&quot;:&quot;#000000&quot;}'><span class=\"theme-button-inner\">RESERVAR PACK<span class=\"vcex-icon-wrap theme-button-icon-right\"><span class=\"ticon ticon-long-arrow-right\" aria-hidden=\"true\"><\/span><\/span><\/span><\/a><\/div> [\/vc_column_inner][\/vc_row_inner][vc_row_inner equal_height=\u00bbyes\u00bb gap=\u00bb20&#8243;][vc_column_inner el_class=\u00bbpromo\u00bb width=\u00bb1\/2&#8243; css=\u00bb.vc_custom_1640002028006{padding-top: 40px !important;padding-right: 40px !important;padding-bottom: 40px !important;padding-left: 40px !important;background: #000000 url(http:\/\/www.hotelcalpetit.es\/wp-content\/uploads\/2021\/11\/pack-gastronomic2.jpg?id=460) !important;background-position: center !important;background-repeat: no-repeat !important;background-size: cover !important;}\u00bb el_id=\u00bbpromo3&#8243;][vc_column_text el_class=\u00bbcaslon\u00bb color=\u00bb#ce9f51&#8243; font_size=\u00bb20&#8243;]PACK GASTRON\u00d3MICO[\/vc_column_text][vc_column_text color=\u00bb#ffffff\u00bb font_size=\u00bb16&#8243;]Una noche de alojamiento en habitaci\u00f3n Gran Confort para dos personas con cena y desayuno incluido. Cena con men\u00fa cerrado, con platos elaborados con productos de proximidad y temporada.[\/vc_column_text]<div class=\"vcex-spacing wpex-w-100 wpex-clear\" style=\"height:20px\"><\/div><div class=\"theme-button-block-wrap wpex-block wpex-clear theme-button-wrap wpex-clr\"><a href=\"\/contacte\/\" class=\"vcex-button theme-button outline block promo-hover3\" style=\"padding-top:10px;padding-right:20px;padding-bottom:10px;padding-left:20px;color:#ffffff;border-radius:0;border-color:#ffffff;\" data-wpex-hover='{&quot;background&quot;:&quot;#ffffff&quot;,&quot;color&quot;:&quot;#000000&quot;}'><span class=\"theme-button-inner\">RESERVAR PACK<span class=\"vcex-icon-wrap theme-button-icon-right\"><span class=\"ticon ticon-long-arrow-right\" aria-hidden=\"true\"><\/span><\/span><\/span><\/a><\/div> [\/vc_column_inner][vc_column_inner el_class=\u00bbpromo\u00bb width=\u00bb1\/2&#8243; css=\u00bb.vc_custom_1640002033067{padding-top: 40px !important;padding-right: 40px !important;padding-bottom: 40px !important;padding-left: 40px !important;background: #000000 url(http:\/\/www.hotelcalpetit.es\/wp-content\/uploads\/2021\/11\/pack-turisme-1.jpg?id=472) !important;background-position: center !important;background-repeat: no-repeat !important;background-size: cover !important;}\u00bb el_id=\u00bbpromo4&#8243;][vc_column_text el_class=\u00bbcaslon\u00bb color=\u00bb#ce9f51&#8243; font_size=\u00bb20&#8243;]PACK TURISMO[\/vc_column_text][vc_column_text color=\u00bb#ffffff\u00bb font_size=\u00bb16&#8243;]Una noche de alojamiento en habitaci\u00f3n Gran Confort para dos personas con desayuno incluido. Y la posibilidad de a\u00f1adir una actividad (visita guiada, excursi\u00f3n en kayak, cata de productos de la zona, etc). Consulta la disponibilidad de actividades seg\u00fan temporada. Precio sujeto a la elecci\u00f3n escogida.[\/vc_column_text]<div class=\"vcex-spacing wpex-w-100 wpex-clear\" style=\"height:20px\"><\/div><div class=\"theme-button-block-wrap wpex-block wpex-clear theme-button-wrap wpex-clr\"><a href=\"\/contacte\/\" class=\"vcex-button theme-button outline block promo-hover4\" style=\"padding-top:10px;padding-right:20px;padding-bottom:10px;padding-left:20px;color:#ffffff;border-radius:0;border-color:#ffffff;\" data-wpex-hover='{&quot;background&quot;:&quot;#ffffff&quot;,&quot;color&quot;:&quot;#000000&quot;}'><span class=\"theme-button-inner\">RESERVAR PACK<span class=\"vcex-icon-wrap theme-button-icon-right\"><span class=\"ticon ticon-long-arrow-right\" aria-hidden=\"true\"><\/span><\/span><\/span><\/a><\/div> [\/vc_column_inner][\/vc_row_inner][\/vc_column][vc_column width=\u00bb1\/12&#8243;][\/vc_column][\/vc_row][\/vc_section][vc_row disable_element=\u00bbyes\u00bb][vc_column][vc_raw_html el_class=\u00bbpromo-hover1&#8243;]JTNDdGFibGUlM0UlMEElMjAlMjAlMjAlMjAlM0N0ciUzRSUwQSUyMCUyMCUyMCUyMCUyMCUyMCUyMCUyMCUzQ3RkJTNFVEVNUE9SQURBJTIwTUlUSkElMjBJJTIwQkFJWEElM0MlMkZiciUzRSUwQSUzQ2VtJTNFRGVzJTIwZGUlMjBsJUUyJTgwJTk5MSUyMGQlRTIlODAlOTlvY3R1YnJlJTIwYWwlMjAzMSUyMGRlJTIwbWFpZyUzQyUyRmVtJTNFJTNDJTJGdGQlM0UlMEElMjAlMjAlMjAlMjAlMjAlMjAlMjAlMjAlM0N0ZCUzRXh4eCVFMiU4MiVBQyUzQyUyRnRkJTNFJTBBJTIwJTIwJTIwJTIwJTNDJTJGdHIlM0UlMEElMjAlMjAlMjAlMjAlM0N0ciUzRSUwQSUyMCUyMCUyMCUyMCUyMCUyMCUyMCUyMCUzQ3RkJTNFVEVNUE9SQURBJTIwQUxUQSUzQyUyRmJyJTNFJTBBJTNDZW0lM0VEZXMlMjBkZSUyMGwlRTIlODAlOTkxJTIwZGUlMjBqdW55JTIwYWwlMjAzMCUyMGRlJTIwc2V0ZW1icmUlM0MlMkZlbSUzRSUzQyUyRnRkJTNFJTBBJTIwJTIwJTIwJTIwJTIwJTIwJTIwJTIwJTNDdGQlM0V4eHglRTIlODIlQUMlM0MlMkZ0ZCUzRSUwQSUyMCUyMCUyMCUyMCUzQyUyRnRyJTNFJTBBJTNDJTJGdGFibGUlM0U=[\/vc_raw_html][vc_raw_html el_class=\u00bbpromo-hover3&#8243;]JTNDdGFibGUlM0UlMEElMjAlMjAlMjAlMjAlM0N0ciUzRSUwQSUyMCUyMCUyMCUyMCUyMCUyMCUyMCUyMCUzQ3RkJTNFVEVNUE9SQURBJTIwTUlUSkElMjBJJTIwQkFJWEElM0MlMkZiciUzRSUwQSUzQ2VtJTNFRGVzJTIwZGUlMjBsJUUyJTgwJTk5MSUyMGQlRTIlODAlOTlvY3R1YnJlJTIwYWwlMjAzMSUyMGRlJTIwbWFpZyUzQyUyRmVtJTNFJTNDJTJGdGQlM0UlMEElMjAlMjAlMjAlMjAlMjAlMjAlMjAlMjAlM0N0ZCUzRXh4eCVFMiU4MiVBQyUzQyUyRnRkJTNFJTBBJTIwJTIwJTIwJTIwJTNDJTJGdHIlM0UlMEElMjAlMjAlMjAlMjAlM0N0ciUzRSUwQSUyMCUyMCUyMCUyMCUyMCUyMCUyMCUyMCUzQ3RkJTNFVEVNUE9SQURBJTIwQUxUQSUzQyUyRmJyJTNFJTBBJTNDZW0lM0VEZXMlMjBkZSUyMGwlRTIlODAlOTkxJTIwZGUlMjBqdW55JTIwYWwlMjAzMCUyMGRlJTIwc2V0ZW1icmUlM0MlMkZlbSUzRSUzQyUyRnRkJTNFJTBBJTIwJTIwJTIwJTIwJTIwJTIwJTIwJTIwJTNDdGQlM0V4eHglRTIlODIlQUMlM0MlMkZ0ZCUzRSUwQSUyMCUyMCUyMCUyMCUzQyUyRnRyJTNFJTBBJTNDJTJGdGFibGUlM0U=[\/vc_raw_html][\/vc_column][\/vc_row]\n","protected":false},"excerpt":{"rendered":"<p>[vc_section][vc_row full_width=\u00bbstretch_row_content_no_spaces\u00bb css=\u00bb.vc_custom_1639741526878{background-image: url(http:\/\/www.hotelcalpetit.es\/wp-content\/uploads\/2021\/11\/promocion-header.jpg?id=438) !important;background-position: center !important;background-repeat: no-repeat !important;background-size: cover !important;}\u00bb][vc_column css=\u00bb.vc_custom_1636531037622{border-right-width: 20px !important;border-left-width: 20px !important;border-left-color: #ffffff !important;border-left-style: s\u00f2lid !important;border-right-color: #ffffff !important;border-right-style: s\u00f2lid !important;}\u00bb][\/vc_column][\/vc_row][vc_row full_width=\u00bbstretch_row_content_no_spaces\u00bb css=\u00bb.vc_custom_1636531471698{padding-top: 20px !important;padding-bottom: 20px !important;background-color: #ce9f51 !important;}\u00bb el_class=\u00bbbordes\u00bb][vc_column][vc_column_text el_class=\u00bbcaslon\u00bb color=\u00bb#ffffff\u00bb font_size=\u00bb25&#8243; font_weight=\u00bb600&#8243; text_align=\u00bbcenter\u00bb] Promociones [\/vc_column_text][\/vc_column][\/vc_row][vc_row full_width=\u00bbstretch_row_content\u00bb css=\u00bb.vc_custom_1639741533403{padding-top: 100px !important;padding-bottom: 100px !important;}\u00bb][vc_column width=\u00bb1\/12&#8243;][\/vc_column][vc_column width=\u00bb10\/12&#8243;][vc_row_inner equal_height=\u00bbyes\u00bb gap=\u00bb20&#8243; el_class=\u00bbpacks\u00bb][vc_column_inner el_class=\u00bbpromo\u00bb width=\u00bb1\/2&#8243; css=\u00bb.vc_custom_1640002016667{padding-top: 40px&hellip;<\/p>\n","protected":false},"author":1,"featured_media":0,"parent":0,"menu_order":0,"comment_status":"closed","ping_status":"closed","template":"","meta":[],"yoast_head":"<!-- This site is optimized with the Yoast SEO plugin v17.8 - https:\/\/yoast.com\/wordpress\/plugins\/seo\/ -->\n<title>Promociones - Cal Petit<\/title>\n<meta name=\"robots\" content=\"noindex, follow, max-snippet:-1, max-image-preview:large, max-video-preview:-1\" \/>\n<meta property=\"og:locale\" content=\"es_ES\" \/>\n<meta property=\"og:type\" content=\"article\" \/>\n<meta property=\"og:title\" content=\"Promociones - Cal Petit\" \/>\n<meta property=\"og:description\" content=\"[vc_section][vc_row full_width=\u00bbstretch_row_content_no_spaces\u00bb css=\u00bb.vc_custom_1639741526878{background-image: url(http:\/\/www.hotelcalpetit.es\/wp-content\/uploads\/2021\/11\/promocion-header.jpg?id=438) !important;background-position: center !important;background-repeat: no-repeat !important;background-size: cover !important;}\u00bb][vc_column css=\u00bb.vc_custom_1636531037622{border-right-width: 20px !important;border-left-width: 20px !important;border-left-color: #ffffff !important;border-left-style: s\u00f2lid !important;border-right-color: #ffffff !important;border-right-style: s\u00f2lid !important;}\u00bb][\/vc_column][\/vc_row][vc_row full_width=\u00bbstretch_row_content_no_spaces\u00bb css=\u00bb.vc_custom_1636531471698{padding-top: 20px !important;padding-bottom: 20px !important;background-color: #ce9f51 !important;}\u00bb el_class=\u00bbbordes\u00bb][vc_column][vc_column_text el_class=\u00bbcaslon\u00bb color=\u00bb#ffffff\u00bb font_size=\u00bb25&#8243; font_weight=\u00bb600&#8243; text_align=\u00bbcenter\u00bb] Promociones [\/vc_column_text][\/vc_column][\/vc_row][vc_row full_width=\u00bbstretch_row_content\u00bb css=\u00bb.vc_custom_1639741533403{padding-top: 100px !important;padding-bottom: 100px !important;}\u00bb][vc_column width=\u00bb1\/12&#8243;][\/vc_column][vc_column width=\u00bb10\/12&#8243;][vc_row_inner equal_height=\u00bbyes\u00bb gap=\u00bb20&#8243; el_class=\u00bbpacks\u00bb][vc_column_inner el_class=\u00bbpromo\u00bb width=\u00bb1\/2&#8243; css=\u00bb.vc_custom_1640002016667{padding-top: 40px&hellip;\" \/>\n<meta property=\"og:url\" content=\"https:\/\/www.hotelcalpetit.es\/es\/promociones\/\" \/>\n<meta property=\"og:site_name\" content=\"Cal Petit\" \/>\n<meta property=\"article:modified_time\" content=\"2022-01-07T08:33:05+00:00\" \/>\n<meta name=\"twitter:card\" content=\"summary_large_image\" \/>\n<meta name=\"twitter:label1\" content=\"Tiempo de lectura\" \/>\n\t<meta name=\"twitter:data1\" content=\"4 minutos\" \/>\n<script type=\"application\/ld+json\" class=\"yoast-schema-graph\">{\"@context\":\"https:\/\/schema.org\",\"@graph\":[{\"@type\":\"WebSite\",\"@id\":\"https:\/\/www.hotelcalpetit.es\/#website\",\"url\":\"https:\/\/www.hotelcalpetit.es\/\",\"name\":\"Cal Petit\",\"description\":\"\",\"potentialAction\":[{\"@type\":\"SearchAction\",\"target\":{\"@type\":\"EntryPoint\",\"urlTemplate\":\"https:\/\/www.hotelcalpetit.es\/?s={search_term_string}\"},\"query-input\":\"required name=search_term_string\"}],\"inLanguage\":\"es\"},{\"@type\":\"WebPage\",\"@id\":\"https:\/\/www.hotelcalpetit.es\/es\/promociones\/#webpage\",\"url\":\"https:\/\/www.hotelcalpetit.es\/es\/promociones\/\",\"name\":\"Promociones - Cal Petit\",\"isPartOf\":{\"@id\":\"https:\/\/www.hotelcalpetit.es\/#website\"},\"datePublished\":\"2021-09-16T07:28:56+00:00\",\"dateModified\":\"2022-01-07T08:33:05+00:00\",\"breadcrumb\":{\"@id\":\"https:\/\/www.hotelcalpetit.es\/es\/promociones\/#breadcrumb\"},\"inLanguage\":\"es\",\"potentialAction\":[{\"@type\":\"ReadAction\",\"target\":[\"https:\/\/www.hotelcalpetit.es\/es\/promociones\/\"]}]},{\"@type\":\"BreadcrumbList\",\"@id\":\"https:\/\/www.hotelcalpetit.es\/es\/promociones\/#breadcrumb\",\"itemListElement\":[{\"@type\":\"ListItem\",\"position\":1,\"name\":\"Inici\",\"item\":\"https:\/\/www.hotelcalpetit.es\/es\/\"},{\"@type\":\"ListItem\",\"position\":2,\"name\":\"Promociones\"}]}]}<\/script>\n<!-- \/ Yoast SEO plugin. -->","yoast_head_json":{"title":"Promociones - Cal Petit","robots":{"index":"noindex","follow":"follow","max-snippet":"max-snippet:-1","max-image-preview":"max-image-preview:large","max-video-preview":"max-video-preview:-1"},"og_locale":"es_ES","og_type":"article","og_title":"Promociones - Cal Petit","og_description":"[vc_section][vc_row full_width=\u00bbstretch_row_content_no_spaces\u00bb css=\u00bb.vc_custom_1639741526878{background-image: url(http:\/\/www.hotelcalpetit.es\/wp-content\/uploads\/2021\/11\/promocion-header.jpg?id=438) !important;background-position: center !important;background-repeat: no-repeat !important;background-size: cover !important;}\u00bb][vc_column css=\u00bb.vc_custom_1636531037622{border-right-width: 20px !important;border-left-width: 20px !important;border-left-color: #ffffff !important;border-left-style: s\u00f2lid !important;border-right-color: #ffffff !important;border-right-style: s\u00f2lid !important;}\u00bb][\/vc_column][\/vc_row][vc_row full_width=\u00bbstretch_row_content_no_spaces\u00bb css=\u00bb.vc_custom_1636531471698{padding-top: 20px !important;padding-bottom: 20px !important;background-color: #ce9f51 !important;}\u00bb el_class=\u00bbbordes\u00bb][vc_column][vc_column_text el_class=\u00bbcaslon\u00bb color=\u00bb#ffffff\u00bb font_size=\u00bb25&#8243; font_weight=\u00bb600&#8243; text_align=\u00bbcenter\u00bb] Promociones [\/vc_column_text][\/vc_column][\/vc_row][vc_row full_width=\u00bbstretch_row_content\u00bb css=\u00bb.vc_custom_1639741533403{padding-top: 100px !important;padding-bottom: 100px !important;}\u00bb][vc_column width=\u00bb1\/12&#8243;][\/vc_column][vc_column width=\u00bb10\/12&#8243;][vc_row_inner equal_height=\u00bbyes\u00bb gap=\u00bb20&#8243; el_class=\u00bbpacks\u00bb][vc_column_inner el_class=\u00bbpromo\u00bb width=\u00bb1\/2&#8243; css=\u00bb.vc_custom_1640002016667{padding-top: 40px&hellip;","og_url":"https:\/\/www.hotelcalpetit.es\/es\/promociones\/","og_site_name":"Cal Petit","article_modified_time":"2022-01-07T08:33:05+00:00","twitter_card":"summary_large_image","twitter_misc":{"Tiempo de lectura":"4 minutos"},"schema":{"@context":"https:\/\/schema.org","@graph":[{"@type":"WebSite","@id":"https:\/\/www.hotelcalpetit.es\/#website","url":"https:\/\/www.hotelcalpetit.es\/","name":"Cal Petit","description":"","potentialAction":[{"@type":"SearchAction","target":{"@type":"EntryPoint","urlTemplate":"https:\/\/www.hotelcalpetit.es\/?s={search_term_string}"},"query-input":"required name=search_term_string"}],"inLanguage":"es"},{"@type":"WebPage","@id":"https:\/\/www.hotelcalpetit.es\/es\/promociones\/#webpage","url":"https:\/\/www.hotelcalpetit.es\/es\/promociones\/","name":"Promociones - Cal Petit","isPartOf":{"@id":"https:\/\/www.hotelcalpetit.es\/#website"},"datePublished":"2021-09-16T07:28:56+00:00","dateModified":"2022-01-07T08:33:05+00:00","breadcrumb":{"@id":"https:\/\/www.hotelcalpetit.es\/es\/promociones\/#breadcrumb"},"inLanguage":"es","potentialAction":[{"@type":"ReadAction","target":["https:\/\/www.hotelcalpetit.es\/es\/promociones\/"]}]},{"@type":"BreadcrumbList","@id":"https:\/\/www.hotelcalpetit.es\/es\/promociones\/#breadcrumb","itemListElement":[{"@type":"ListItem","position":1,"name":"Inici","item":"https:\/\/www.hotelcalpetit.es\/es\/"},{"@type":"ListItem","position":2,"name":"Promociones"}]}]}},"_links":{"self":[{"href":"https:\/\/www.hotelcalpetit.es\/es\/wp-json\/wp\/v2\/pages\/953"}],"collection":[{"href":"https:\/\/www.hotelcalpetit.es\/es\/wp-json\/wp\/v2\/pages"}],"about":[{"href":"https:\/\/www.hotelcalpetit.es\/es\/wp-json\/wp\/v2\/types\/page"}],"author":[{"embeddable":true,"href":"https:\/\/www.hotelcalpetit.es\/es\/wp-json\/wp\/v2\/users\/1"}],"replies":[{"embeddable":true,"href":"https:\/\/www.hotelcalpetit.es\/es\/wp-json\/wp\/v2\/comments?post=953"}],"version-history":[{"count":2,"href":"https:\/\/www.hotelcalpetit.es\/es\/wp-json\/wp\/v2\/pages\/953\/revisions"}],"predecessor-version":[{"id":955,"href":"https:\/\/www.hotelcalpetit.es\/es\/wp-json\/wp\/v2\/pages\/953\/revisions\/955"}],"wp:attachment":[{"href":"https:\/\/www.hotelcalpetit.es\/es\/wp-json\/wp\/v2\/media?parent=953"}],"curies":[{"name":"wp","href":"https:\/\/api.w.org\/{rel}","templated":true}]}}