{"id":992,"date":"2021-11-19T08:55:39","date_gmt":"2021-11-19T08:55:39","guid":{"rendered":"https:\/\/www.hotelcalpetit.es\/politica-de-cookies\/"},"modified":"2022-01-07T09:27:18","modified_gmt":"2022-01-07T09:27:18","slug":"politica-de-cookies","status":"publish","type":"page","link":"https:\/\/www.hotelcalpetit.es\/es\/politica-de-cookies\/","title":{"rendered":"POL\u00cdTICA DE COOKIES"},"content":{"rendered":"[vc_section][vc_row full_width=\u00bbstretch_row_content_no_spaces\u00bb css=\u00bb.vc_custom_1636531128876{margin-top: 20px !important;background-image: url(http:\/\/www.hotelcalpetit.es\/wp-content\/uploads\/2021\/11\/cabecera-hotel.jpg?id=190) !important;background-position: center !important;background-repeat: no-repeat !important;background-size: cover !important;}\u00bb][vc_column css=\u00bb.vc_custom_1636531037622{border-right-width: 20px !important;border-left-width: 20px !important;border-left-color: #ffffff !important;border-left-style: s\u00f2lid !important;border-right-color: #ffffff !important;border-right-style: s\u00f2lid !important;}\u00bb]<div class=\"vcex-spacing wpex-w-100 wpex-clear bordes hidden-phone\" style=\"height:600px\"><\/div><div class=\"vcex-spacing wpex-w-100 wpex-clear bordes visible-phone\" style=\"height:300px\"><\/div>[\/vc_column][\/vc_row][vc_row full_width=\u00bbstretch_row_content_no_spaces\u00bb css=\u00bb.vc_custom_1636531471698{padding-top: 20px !important;padding-bottom: 20px !important;background-color: #ce9f51 !important;}\u00bb el_class=\u00bbbordes\u00bb][vc_column][vc_column_text el_class=\u00bbcaslon\u00bb color=\u00bb#ffffff\u00bb font_size=\u00bb25&#8243; font_weight=\u00bb600&#8243; text_align=\u00bbcenter\u00bb]\n<h1>POL\u00cdTICA DE COOKIES<\/h1>\n[\/vc_column_text][\/vc_column][\/vc_row][vc_row css=\u00bb.vc_custom_1637312113532{padding-top: 40px !important;padding-bottom: 40px !important;}\u00bb][vc_column][vc_column_text color=\u00bb#000000&#8243; font_size=\u00bb16&#8243;]<span style=\"font-weight: 400;\">Esta web utiliza las cookies _ga \/ _utm propiedad de Google Analytics, persistentes durante 2 a\u00f1os, para habilitar la funci\u00f3n de control de visitas \u00fanicas con el fin de facilitarle la navegaci\u00f3n por el sitio web. Si contin\u00faa navegando consideramos que est\u00e1 de acuerdo con su uso. Podr\u00e1 revocar el consentimiento y obtener m\u00e1s informaci\u00f3n consultando nuestra Pol\u00edtica de cookies.<\/span><\/p>\n<ol>\n<li><span style=\"font-weight: 400;\"> \u00bfQU\u00c9 SON LAS COOKIES?<\/span><\/li>\n<\/ol>\n<p><span style=\"font-weight: 400;\">Las cookies son peque\u00f1os archivos de datos que se reciben en el terminal desde el sitio web visitado y se usan para registrar ciertas interacciones de la navegaci\u00f3n en un sitio web almacenando datos que podr\u00e1n ser actualizados y recuperados. Estos archivos se almacenan en el ordenador del usuario y contiene datos an\u00f3nimos que no son perjudiciales para su equipo. Se utilizan para recordar las preferencias del usuario, como el idioma seleccionado, datos de acceso o personalizaci\u00f3n de la p\u00e1gina.<\/span><\/p>\n<p><span style=\"font-weight: 400;\">Las cookies tambi\u00e9n pueden ser utilizadas para registrar informaci\u00f3n an\u00f3nima sobre c\u00f3mo un visitante utiliza un sitio. Por ejemplo, desde qu\u00e9 p\u00e1gina web ha accedido, o si ha utilizado un \u00abbanner\u00bb publicitario para llegar.<\/span><\/p>\n<ol start=\"2\">\n<li><span style=\"font-weight: 400;\"> \u00bfPOR QU\u00c9 UTILIZAMOS COOKIES?<\/span><\/li>\n<\/ol>\n<p><span style=\"font-weight: 400;\">HOTEL CAL PETIT<\/span><span style=\"font-weight: 400;\"> (<\/span><span style=\"font-weight: 400;\">HOTEL CAL PETIT S.L.<\/span><span style=\"font-weight: 400;\">.) utiliza cookies estrictamente necesarias y esenciales para que utilice nuestros sitios web y le permitan moverse libremente, utilizar \u00e1reas seguras, opciones personalizadas, etc. Adem\u00e1s, <\/span><span style=\"font-weight: 400;\">HOTEL CAL PETIT S.L. <\/span><span style=\"font-weight: 400;\">utiliza cookies que recogen datos relativos al an\u00e1lisis de uso de la web. Estas se utilizan para ayudar a mejorar el servicio al cliente, midiendo el uso y el rendimiento de la p\u00e1gina, para optimizarla y personalizarla.<\/span><\/p>\n<p><span style=\"font-weight: 400;\">Nuestros sitios tambi\u00e9n pueden tener enlaces de redes sociales (como Facebook o Twitter u otros). <\/span><span style=\"font-weight: 400;\">HOTEL CAL PETIT S.L.<\/span><span style=\"font-weight: 400;\">. no controla las cookies utilizadas por estas webs externas. Para m\u00e1s informaci\u00f3n sobre las cookies de las redes sociales u otras Webs ajenas, aconsejamos revisar sus propias pol\u00edticas de cookies. Este sitio web utiliza \u00abcookies\u00bb de la siguiente manera:<\/span><\/p>\n<ul>\n<li><span style=\"font-weight: 400;\"> Cookie de Google ANALYTICS: Google ANALYTICS es un servicio gratuito que ofrece Google Inc. y que recoge informaci\u00f3n sobre las p\u00e1ginas de la web consultada, a qu\u00e9 hora, qu\u00e9 navegador Web, etc. Posteriormente, esta informaci\u00f3n se env\u00eda a los servidores de Google Inc. en Estados Unidos.<\/span><\/li>\n<li><span style=\"font-weight: 400;\"> Cookies de aplicaci\u00f3n \u00abAdd-this\u00bb: El complemento this es un servicio gratuito que permite compartir p\u00e1ginas de este sitio web para diferentes medios (correo electr\u00f3nico, redes sociales, etc.). Add-his recoge informaci\u00f3n estad\u00edstica de su navegaci\u00f3n para proporcionar publicidad adaptada a sus h\u00e1bitos de navegaci\u00f3n en este sitio web o en cualquier otro lugar.<\/span><\/li>\n<\/ul>\n<ol start=\"3\">\n<li><span style=\"font-weight: 400;\"> \u00bfQU\u00c9 USO LE DAMOS LOS DIFERENTES TIPOS DE COOKIES?<\/span><\/li>\n<\/ol>\n<p><span style=\"font-weight: 400;\">Seg\u00fan su finalidad:<\/span><\/p>\n<ul>\n<li><span style=\"font-weight: 400;\"> Cookies t\u00e9cnicas: Las cookies t\u00e9cnicas son aquellas imprescindibles y estrictamente necesarias para el correcto funcionamiento de un portal web y la utilizaci\u00f3n de las diferentes opciones y servicios que ofrece. Por ejemplo, las que sirven para el mantenimiento de la sesi\u00f3n, la gesti\u00f3n del tiempo de respuesta, rendimiento o validaci\u00f3n de opciones, utilizar elementos de seguridad, compartir contenido con redes sociales, etc.<\/span><\/li>\n<\/ul>\n<ul>\n<li><span style=\"font-weight: 400;\"> Cookies de personalizaci\u00f3n: Estas cookies permiten al usuario especificar o personalizar algunas caracter\u00edsticas de las opciones generales de la p\u00e1gina web, por ejemplo, definir el idioma, configuraci\u00f3n regional o tipo de navegador.<\/span><\/li>\n<\/ul>\n<ul>\n<li><span style=\"font-weight: 400;\"> Cookies anal\u00edticas: Las cookies anal\u00edticas son las utilizadas por nuestro portal web, para elaborar perfiles de navegaci\u00f3n y poder conocer las preferencias de los usuarios del mismo con el fin de mejorar la oferta de productos y servicios. Por ejemplo, mediante una cookie anal\u00edtica se controlar\u00e1n las \u00e1reas geogr\u00e1ficas de mayor inter\u00e9s de un usuario, cu\u00e1l es el producto de m\u00e1s aceptaci\u00f3n, etc.<\/span><\/li>\n<\/ul>\n<ul>\n<li><span style=\"font-weight: 400;\"> Cookies publicitarias\/de publicidad: Las cookies publicitarias permiten la gesti\u00f3n de los espacios publicitarios en base a criterios concretos. Por ejemplo, la frecuencia de acceso, el contenido editado, etc. Las cookies de publicidad permiten a trav\u00e9s de la gesti\u00f3n de la publicidad almacenar informaci\u00f3n del comportamiento a trav\u00e9s de la observaci\u00f3n de h\u00e1bitos, estudiando los accesos y formando un perfil de preferencias del usuario, para ofrecer publicidad relacionada con los intereses de su perfil.<\/span><\/li>\n<\/ul>\n<p><span style=\"font-weight: 400;\">Seg\u00fan plazo:<\/span><\/p>\n<ul>\n<li><span style=\"font-weight: 400;\"> Cookies de sesi\u00f3n: Las cookies de sesi\u00f3n son aquellas que duran el tiempo que el usuario est\u00e1 navegando por la p\u00e1gina web y se borran al cabo.<\/span><\/li>\n<\/ul>\n<ul>\n<li><span style=\"font-weight: 400;\"> Cookies persistentes: Estas cookies quedan almacenadas en el terminal del usuario, por un tiempo m\u00e1s largo, facilitando as\u00ed el control de las preferencias elegidas sin tener que repetir ciertos par\u00e1metros cada vez que se visite el sitio web.<\/span><\/li>\n<\/ul>\n<ol start=\"4\">\n<li><span style=\"font-weight: 400;\"> \u00bfY SI NO QUIERO TENER ESTAS COOKIES O NO HAGO NADA AL RESPECTO?<\/span><\/li>\n<\/ol>\n<p><span style=\"font-weight: 400;\">Para cumplir con la legislaci\u00f3n vigente, tenemos que pedir su permiso para gestionar cookies. Si decide no autorizar el tratamiento indicando la no conformidad, s\u00f3lo utilizar\u00edamos las cookies t\u00e9cnicas, ya que son imprescindibles para la navegaci\u00f3n por nuestra web. En este caso, no se almacena ninguna cookie. En el caso de seguir navegando por nuestro sitio web sin denegar su autorizaci\u00f3n implica que acepta su uso.<\/span><\/p>\n<p><span style=\"font-weight: 400;\">Tenga en cuenta que si rechaza o borra las cookies de navegaci\u00f3n por la Web, no podremos mantener sus preferencias, algunas caracter\u00edsticas de las p\u00e1ginas no estar\u00e1n operativas, no podremos ofrecerle servicios personalizados y cada vez que vaya a navegar por nuestra web tendremos que solicitar de nuevo su autorizaci\u00f3n para el uso de cookies.<\/span><\/p>\n<p><span style=\"font-weight: 400;\">Si a\u00fan as\u00ed, decide modificar la configuraci\u00f3n de su acceso a la p\u00e1gina web, debe saber que es posible eliminar las cookies o impedir que se registre esta informaci\u00f3n en su equipo a cualquier momento mediante la modificaci\u00f3n de los par\u00e1metros de configuraci\u00f3n de su navegador:<\/span><\/p>\n<ul>\n<li><span style=\"font-weight: 400;\"> Configuraci\u00f3n de cookies de Internet Explorer.<\/span><\/li>\n<li><span style=\"font-weight: 400;\"> Configuraci\u00f3n de cookies de Firefox.<\/span><\/li>\n<li><span style=\"font-weight: 400;\"> Configuraci\u00f3n de cookies de Google Chrome.<\/span><\/li>\n<li><span style=\"font-weight: 400;\"> Configuraci\u00f3n de cookies de Safari.<\/span><\/li>\n<\/ul>\n<p><span style=\"font-weight: 400;\">Estos navegadores est\u00e1n sometidos a cambios o modificaciones, por lo que no podemos garantizar que se ajusten completamente a la versi\u00f3n de su navegador. Tambi\u00e9n puede ser que utilice otro navegador no contemplado en estos enlaces como Konqueror, Arora, Flock, etc. Para evitar estos desajustes, puede acceder directamente desde las opciones de su navegador que se encuentra generalmente en el men\u00fa de Opciones, en la secci\u00f3n de \u00abPrivacidad\u00bb. (Por favor, consulte la ayuda de su navegador para m\u00e1s informaci\u00f3n.)<\/span><\/p>\n<ol start=\"5\">\n<li><span style=\"font-weight: 400;\"> \u00bfDONDE PUEDO OBTENER M\u00c1S INFORMACI\u00d3N?<\/span><\/li>\n<\/ol>\n<p><span style=\"font-weight: 400;\">Puedes encontrar m\u00e1s informaci\u00f3n sobre las cookies en www.allaboutcookies.org o www.youronlinechoices.eu.<\/span>[\/vc_column_text][\/vc_column][\/vc_row][\/vc_section]\n","protected":false},"excerpt":{"rendered":"<p>[vc_section][vc_row full_width=\u00bbstretch_row_content_no_spaces\u00bb css=\u00bb.vc_custom_1636531128876{margin-top: 20px !important;background-image: url(http:\/\/www.hotelcalpetit.es\/wp-content\/uploads\/2021\/11\/cabecera-hotel.jpg?id=190) !important;background-position: center !important;background-repeat: no-repeat !important;background-size: cover !important;}\u00bb][vc_column css=\u00bb.vc_custom_1636531037622{border-right-width: 20px !important;border-left-width: 20px !important;border-left-color: #ffffff !important;border-left-style: s\u00f2lid !important;border-right-color: #ffffff !important;border-right-style: s\u00f2lid !important;}\u00bb][\/vc_column][\/vc_row][vc_row full_width=\u00bbstretch_row_content_no_spaces\u00bb css=\u00bb.vc_custom_1636531471698{padding-top: 20px !important;padding-bottom: 20px !important;background-color: #ce9f51 !important;}\u00bb el_class=\u00bbbordes\u00bb][vc_column][vc_column_text el_class=\u00bbcaslon\u00bb color=\u00bb#ffffff\u00bb font_size=\u00bb25&#8243; font_weight=\u00bb600&#8243; text_align=\u00bbcenter\u00bb] POL\u00cdTICA DE COOKIES [\/vc_column_text][\/vc_column][\/vc_row][vc_row css=\u00bb.vc_custom_1637312113532{padding-top: 40px !important;padding-bottom: 40px !important;}\u00bb][vc_column][vc_column_text color=\u00bb#000000&#8243; font_size=\u00bb16&#8243;]Esta web utiliza las cookies&hellip;<\/p>\n","protected":false},"author":2,"featured_media":0,"parent":0,"menu_order":0,"comment_status":"closed","ping_status":"closed","template":"","meta":[],"yoast_head":"<!-- This site is optimized with the Yoast SEO plugin v17.8 - https:\/\/yoast.com\/wordpress\/plugins\/seo\/ -->\n<title>POL\u00cdTICA DE COOKIES - Cal Petit<\/title>\n<meta name=\"robots\" content=\"noindex, follow, max-snippet:-1, max-image-preview:large, max-video-preview:-1\" \/>\n<meta property=\"og:locale\" content=\"es_ES\" \/>\n<meta property=\"og:type\" content=\"article\" \/>\n<meta property=\"og:title\" content=\"POL\u00cdTICA DE COOKIES - Cal Petit\" \/>\n<meta property=\"og:description\" content=\"[vc_section][vc_row full_width=\u00bbstretch_row_content_no_spaces\u00bb css=\u00bb.vc_custom_1636531128876{margin-top: 20px !important;background-image: url(http:\/\/www.hotelcalpetit.es\/wp-content\/uploads\/2021\/11\/cabecera-hotel.jpg?id=190) !important;background-position: center !important;background-repeat: no-repeat !important;background-size: cover !important;}\u00bb][vc_column css=\u00bb.vc_custom_1636531037622{border-right-width: 20px !important;border-left-width: 20px !important;border-left-color: #ffffff !important;border-left-style: s\u00f2lid !important;border-right-color: #ffffff !important;border-right-style: s\u00f2lid !important;}\u00bb][\/vc_column][\/vc_row][vc_row full_width=\u00bbstretch_row_content_no_spaces\u00bb css=\u00bb.vc_custom_1636531471698{padding-top: 20px !important;padding-bottom: 20px !important;background-color: #ce9f51 !important;}\u00bb el_class=\u00bbbordes\u00bb][vc_column][vc_column_text el_class=\u00bbcaslon\u00bb color=\u00bb#ffffff\u00bb font_size=\u00bb25&#8243; font_weight=\u00bb600&#8243; text_align=\u00bbcenter\u00bb] POL\u00cdTICA DE COOKIES [\/vc_column_text][\/vc_column][\/vc_row][vc_row css=\u00bb.vc_custom_1637312113532{padding-top: 40px !important;padding-bottom: 40px !important;}\u00bb][vc_column][vc_column_text color=\u00bb#000000&#8243; font_size=\u00bb16&#8243;]Esta web utiliza las cookies&hellip;\" \/>\n<meta property=\"og:url\" content=\"https:\/\/www.hotelcalpetit.es\/es\/politica-de-cookies\/\" \/>\n<meta property=\"og:site_name\" content=\"Cal Petit\" \/>\n<meta property=\"article:modified_time\" content=\"2022-01-07T09:27:18+00:00\" \/>\n<meta name=\"twitter:card\" content=\"summary_large_image\" \/>\n<meta name=\"twitter:label1\" content=\"Tiempo de lectura\" \/>\n\t<meta name=\"twitter:data1\" content=\"6 minutos\" \/>\n<script type=\"application\/ld+json\" class=\"yoast-schema-graph\">{\"@context\":\"https:\/\/schema.org\",\"@graph\":[{\"@type\":\"WebSite\",\"@id\":\"https:\/\/www.hotelcalpetit.es\/#website\",\"url\":\"https:\/\/www.hotelcalpetit.es\/\",\"name\":\"Cal Petit\",\"description\":\"\",\"potentialAction\":[{\"@type\":\"SearchAction\",\"target\":{\"@type\":\"EntryPoint\",\"urlTemplate\":\"https:\/\/www.hotelcalpetit.es\/?s={search_term_string}\"},\"query-input\":\"required name=search_term_string\"}],\"inLanguage\":\"es\"},{\"@type\":\"WebPage\",\"@id\":\"https:\/\/www.hotelcalpetit.es\/es\/politica-de-cookies\/#webpage\",\"url\":\"https:\/\/www.hotelcalpetit.es\/es\/politica-de-cookies\/\",\"name\":\"POL\\u00cdTICA DE COOKIES - Cal Petit\",\"isPartOf\":{\"@id\":\"https:\/\/www.hotelcalpetit.es\/#website\"},\"datePublished\":\"2021-11-19T08:55:39+00:00\",\"dateModified\":\"2022-01-07T09:27:18+00:00\",\"breadcrumb\":{\"@id\":\"https:\/\/www.hotelcalpetit.es\/es\/politica-de-cookies\/#breadcrumb\"},\"inLanguage\":\"es\",\"potentialAction\":[{\"@type\":\"ReadAction\",\"target\":[\"https:\/\/www.hotelcalpetit.es\/es\/politica-de-cookies\/\"]}]},{\"@type\":\"BreadcrumbList\",\"@id\":\"https:\/\/www.hotelcalpetit.es\/es\/politica-de-cookies\/#breadcrumb\",\"itemListElement\":[{\"@type\":\"ListItem\",\"position\":1,\"name\":\"Inici\",\"item\":\"https:\/\/www.hotelcalpetit.es\/es\/\"},{\"@type\":\"ListItem\",\"position\":2,\"name\":\"POL\\u00cdTICA DE COOKIES\"}]}]}<\/script>\n<!-- \/ Yoast SEO plugin. -->","yoast_head_json":{"title":"POL\u00cdTICA DE COOKIES - Cal Petit","robots":{"index":"noindex","follow":"follow","max-snippet":"max-snippet:-1","max-image-preview":"max-image-preview:large","max-video-preview":"max-video-preview:-1"},"og_locale":"es_ES","og_type":"article","og_title":"POL\u00cdTICA DE COOKIES - Cal Petit","og_description":"[vc_section][vc_row full_width=\u00bbstretch_row_content_no_spaces\u00bb css=\u00bb.vc_custom_1636531128876{margin-top: 20px !important;background-image: url(http:\/\/www.hotelcalpetit.es\/wp-content\/uploads\/2021\/11\/cabecera-hotel.jpg?id=190) !important;background-position: center !important;background-repeat: no-repeat !important;background-size: cover !important;}\u00bb][vc_column css=\u00bb.vc_custom_1636531037622{border-right-width: 20px !important;border-left-width: 20px !important;border-left-color: #ffffff !important;border-left-style: s\u00f2lid !important;border-right-color: #ffffff !important;border-right-style: s\u00f2lid !important;}\u00bb][\/vc_column][\/vc_row][vc_row full_width=\u00bbstretch_row_content_no_spaces\u00bb css=\u00bb.vc_custom_1636531471698{padding-top: 20px !important;padding-bottom: 20px !important;background-color: #ce9f51 !important;}\u00bb el_class=\u00bbbordes\u00bb][vc_column][vc_column_text el_class=\u00bbcaslon\u00bb color=\u00bb#ffffff\u00bb font_size=\u00bb25&#8243; font_weight=\u00bb600&#8243; text_align=\u00bbcenter\u00bb] POL\u00cdTICA DE COOKIES [\/vc_column_text][\/vc_column][\/vc_row][vc_row css=\u00bb.vc_custom_1637312113532{padding-top: 40px !important;padding-bottom: 40px !important;}\u00bb][vc_column][vc_column_text color=\u00bb#000000&#8243; font_size=\u00bb16&#8243;]Esta web utiliza las cookies&hellip;","og_url":"https:\/\/www.hotelcalpetit.es\/es\/politica-de-cookies\/","og_site_name":"Cal Petit","article_modified_time":"2022-01-07T09:27:18+00:00","twitter_card":"summary_large_image","twitter_misc":{"Tiempo de lectura":"6 minutos"},"schema":{"@context":"https:\/\/schema.org","@graph":[{"@type":"WebSite","@id":"https:\/\/www.hotelcalpetit.es\/#website","url":"https:\/\/www.hotelcalpetit.es\/","name":"Cal Petit","description":"","potentialAction":[{"@type":"SearchAction","target":{"@type":"EntryPoint","urlTemplate":"https:\/\/www.hotelcalpetit.es\/?s={search_term_string}"},"query-input":"required name=search_term_string"}],"inLanguage":"es"},{"@type":"WebPage","@id":"https:\/\/www.hotelcalpetit.es\/es\/politica-de-cookies\/#webpage","url":"https:\/\/www.hotelcalpetit.es\/es\/politica-de-cookies\/","name":"POL\u00cdTICA DE COOKIES - Cal Petit","isPartOf":{"@id":"https:\/\/www.hotelcalpetit.es\/#website"},"datePublished":"2021-11-19T08:55:39+00:00","dateModified":"2022-01-07T09:27:18+00:00","breadcrumb":{"@id":"https:\/\/www.hotelcalpetit.es\/es\/politica-de-cookies\/#breadcrumb"},"inLanguage":"es","potentialAction":[{"@type":"ReadAction","target":["https:\/\/www.hotelcalpetit.es\/es\/politica-de-cookies\/"]}]},{"@type":"BreadcrumbList","@id":"https:\/\/www.hotelcalpetit.es\/es\/politica-de-cookies\/#breadcrumb","itemListElement":[{"@type":"ListItem","position":1,"name":"Inici","item":"https:\/\/www.hotelcalpetit.es\/es\/"},{"@type":"ListItem","position":2,"name":"POL\u00cdTICA DE COOKIES"}]}]}},"_links":{"self":[{"href":"https:\/\/www.hotelcalpetit.es\/es\/wp-json\/wp\/v2\/pages\/992"}],"collection":[{"href":"https:\/\/www.hotelcalpetit.es\/es\/wp-json\/wp\/v2\/pages"}],"about":[{"href":"https:\/\/www.hotelcalpetit.es\/es\/wp-json\/wp\/v2\/types\/page"}],"author":[{"embeddable":true,"href":"https:\/\/www.hotelcalpetit.es\/es\/wp-json\/wp\/v2\/users\/2"}],"replies":[{"embeddable":true,"href":"https:\/\/www.hotelcalpetit.es\/es\/wp-json\/wp\/v2\/comments?post=992"}],"version-history":[{"count":2,"href":"https:\/\/www.hotelcalpetit.es\/es\/wp-json\/wp\/v2\/pages\/992\/revisions"}],"predecessor-version":[{"id":1037,"href":"https:\/\/www.hotelcalpetit.es\/es\/wp-json\/wp\/v2\/pages\/992\/revisions\/1037"}],"wp:attachment":[{"href":"https:\/\/www.hotelcalpetit.es\/es\/wp-json\/wp\/v2\/media?parent=992"}],"curies":[{"name":"wp","href":"https:\/\/api.w.org\/{rel}","templated":true}]}}