{"id":1095,"date":"2021-09-16T07:28:56","date_gmt":"2021-09-16T07:28:56","guid":{"rendered":"https:\/\/www.hotelcalpetit.es\/promocions\/"},"modified":"2022-02-24T04:54:23","modified_gmt":"2022-02-24T04:54:23","slug":"promocions","status":"publish","type":"page","link":"https:\/\/www.hotelcalpetit.es\/fr\/promocions\/","title":{"rendered":"Promotions"},"content":{"rendered":"[vc_section][vc_row full_width=\u00a0\u00bbstretch_row_content_no_spaces\u00a0\u00bb css=\u00a0\u00bb.vc_custom_1639741526878{background-image: url(http:\/\/www.hotelcalpetit.es\/wp-content\/uploads\/2021\/11\/promocion-header.jpg?id=438) !important;background-position: center !important;background-repeat: no-repeat !important;background-size: cover !important;}\u00a0\u00bb][vc_column css=\u00a0\u00bb.vc_custom_1636531037622{border-right-width: 20px !important;border-left-width: 20px !important;border-left-color: #ffffff !important;border-left-style: s\u00f2lid !important;border-right-color: #ffffff !important;border-right-style: s\u00f2lid !important;}\u00a0\u00bb]<div class=\"vcex-spacing wpex-w-100 wpex-clear bordes hidden-phone\" style=\"height:600px\"><\/div><div class=\"vcex-spacing wpex-w-100 wpex-clear bordes visible-phone\" style=\"height:300px\"><\/div>[\/vc_column][\/vc_row][vc_row full_width=\u00a0\u00bbstretch_row_content_no_spaces\u00a0\u00bb css=\u00a0\u00bb.vc_custom_1636531471698{padding-top: 20px !important;padding-bottom: 20px !important;background-color: #ce9f51 !important;}\u00a0\u00bb el_class=\u00a0\u00bbbordes\u00a0\u00bb][vc_column][vc_column_text el_class=\u00a0\u00bbcaslon\u00a0\u00bb color=\u00a0\u00bb#ffffff\u00a0\u00bb font_size=\u00a0\u00bb25&Prime; font_weight=\u00a0\u00bb600&Prime; text_align=\u00a0\u00bbcenter\u00a0\u00bb]\n<h1>Promotions<\/h1>\n[\/vc_column_text][\/vc_column][\/vc_row][vc_row full_width=\u00a0\u00bbstretch_row_content\u00a0\u00bb css=\u00a0\u00bb.vc_custom_1639741533403{padding-top: 100px !important;padding-bottom: 100px !important;}\u00a0\u00bb][vc_column width=\u00a0\u00bb1\/12&Prime;][\/vc_column][vc_column width=\u00a0\u00bb10\/12&Prime;][vc_row_inner equal_height=\u00a0\u00bbyes\u00a0\u00bb gap=\u00a0\u00bb20&Prime; el_class=\u00a0\u00bbpacks\u00a0\u00bb][vc_column_inner el_class=\u00a0\u00bbpromo\u00a0\u00bb width=\u00a0\u00bb1\/2&Prime; css=\u00a0\u00bb.vc_custom_1640002016667{padding-top: 40px !important;padding-right: 40px !important;padding-bottom: 40px !important;padding-left: 40px !important;background: #000000 url(http:\/\/www.hotelcalpetit.es\/wp-content\/uploads\/2021\/11\/pack-romantic-1.jpg?id=464) !important;background-position: center !important;background-repeat: no-repeat !important;background-size: cover !important;}\u00a0\u00bb el_id=\u00a0\u00bbpromo1&Prime;][vc_column_text el_class=\u00a0\u00bbcaslon\u00a0\u00bb color=\u00a0\u00bb#ce9f51&Prime; font_size=\u00a0\u00bb20&Prime;]FORFAIT ROMANTIQUE[\/vc_column_text][vc_column_text color=\u00a0\u00bb#ffffff\u00a0\u00bb font_size=\u00a0\u00bb16&Prime;]Une nuit d&rsquo;h\u00e9bergement en chambre Grand Confort pour deux personnes avec petit-d\u00e9jeuner, une bouteille de vin blanc, rouge ou de la cave, chocolats et d\u00e9coration romantique.[\/vc_column_text]<div class=\"vcex-spacing wpex-w-100 wpex-clear\" style=\"height:20px\"><\/div><div class=\"theme-button-block-wrap wpex-block wpex-clear theme-button-wrap wpex-clr\"><a href=\"\/contacte\/\" class=\"vcex-button theme-button outline block promo-hover1\" style=\"padding-top:10px;padding-right:20px;padding-bottom:10px;padding-left:20px;color:#ffffff;border-radius:0;border-color:#ffffff;\" data-wpex-hover='{&quot;background&quot;:&quot;#ffffff&quot;,&quot;color&quot;:&quot;#000000&quot;}'><span class=\"theme-button-inner\">R\u00c9SERVER LE FORFAIT<span class=\"vcex-icon-wrap theme-button-icon-right\"><span class=\"ticon ticon-long-arrow-right\" aria-hidden=\"true\"><\/span><\/span><\/span><\/a><\/div> [\/vc_column_inner][vc_column_inner el_class=\u00a0\u00bbpromo\u00a0\u00bb width=\u00a0\u00bb1\/2&Prime; css=\u00a0\u00bb.vc_custom_1640002023964{padding-top: 40px !important;padding-right: 40px !important;padding-bottom: 40px !important;padding-left: 40px !important;background: #000000 url(http:\/\/www.hotelcalpetit.es\/wp-content\/uploads\/2021\/11\/pack-relax-1.jpg?id=468) !important;background-position: center !important;background-repeat: no-repeat !important;background-size: cover !important;}\u00a0\u00bb el_id=\u00a0\u00bbpromo2&Prime;][vc_column_text el_class=\u00a0\u00bbcaslon\u00a0\u00bb color=\u00a0\u00bb#ce9f51&Prime; font_size=\u00a0\u00bb20&Prime;]FORFAIT RELAX[\/vc_column_text][vc_column_text color=\u00a0\u00bb#ffffff\u00a0\u00bb font_size=\u00a0\u00bb16&Prime;]Une nuit dans notre suite exclusive avec jacuzzi pour deux personnes avec petit-d\u00e9jeuner inclus, sels de bain et une bouteille de vin blanc, rouge ou de la cave.[\/vc_column_text]<div class=\"vcex-spacing wpex-w-100 wpex-clear\" style=\"height:20px\"><\/div><div class=\"theme-button-block-wrap wpex-block wpex-clear theme-button-wrap wpex-clr\"><a href=\"\/contacte\/\" class=\"vcex-button theme-button outline block promo-hover2\" style=\"padding-top:10px;padding-right:20px;padding-bottom:10px;padding-left:20px;color:#ffffff;border-radius:0;border-color:#ffffff;\" data-wpex-hover='{&quot;background&quot;:&quot;#ffffff&quot;,&quot;color&quot;:&quot;#000000&quot;}'><span class=\"theme-button-inner\">R\u00c9SERVER LE FORFAIT<span class=\"vcex-icon-wrap theme-button-icon-right\"><span class=\"ticon ticon-long-arrow-right\" aria-hidden=\"true\"><\/span><\/span><\/span><\/a><\/div> [\/vc_column_inner][\/vc_row_inner][vc_row_inner equal_height=\u00a0\u00bbyes\u00a0\u00bb gap=\u00a0\u00bb20&Prime;][vc_column_inner el_class=\u00a0\u00bbpromo\u00a0\u00bb width=\u00a0\u00bb1\/2&Prime; css=\u00a0\u00bb.vc_custom_1640002028006{padding-top: 40px !important;padding-right: 40px !important;padding-bottom: 40px !important;padding-left: 40px !important;background: #000000 url(http:\/\/www.hotelcalpetit.es\/wp-content\/uploads\/2021\/11\/pack-gastronomic2.jpg?id=460) !important;background-position: center !important;background-repeat: no-repeat !important;background-size: cover !important;}\u00a0\u00bb el_id=\u00a0\u00bbpromo3&Prime;][vc_column_text el_class=\u00a0\u00bbcaslon\u00a0\u00bb color=\u00a0\u00bb#ce9f51&Prime; font_size=\u00a0\u00bb20&Prime;]PACK GASTRONOMIQUE[\/vc_column_text][vc_column_text color=\u00a0\u00bb#ffffff\u00a0\u00bb font_size=\u00a0\u00bb16&Prime;]Une nuit en chambre Grand Confort pour deux personnes avec d\u00eener et petit-d\u00e9jeuner inclus. D\u00eener avec menu fixe, avec des plats \u00e9labor\u00e9s avec des produits locaux et de saison.[\/vc_column_text]<div class=\"vcex-spacing wpex-w-100 wpex-clear\" style=\"height:20px\"><\/div><div class=\"theme-button-block-wrap wpex-block wpex-clear theme-button-wrap wpex-clr\"><a href=\"\/contacte\/\" class=\"vcex-button theme-button outline block promo-hover3\" style=\"padding-top:10px;padding-right:20px;padding-bottom:10px;padding-left:20px;color:#ffffff;border-radius:0;border-color:#ffffff;\" data-wpex-hover='{&quot;background&quot;:&quot;#ffffff&quot;,&quot;color&quot;:&quot;#000000&quot;}'><span class=\"theme-button-inner\">R\u00c9SERVER LE FORFAIT<span class=\"vcex-icon-wrap theme-button-icon-right\"><span class=\"ticon ticon-long-arrow-right\" aria-hidden=\"true\"><\/span><\/span><\/span><\/a><\/div> [\/vc_column_inner][vc_column_inner el_class=\u00a0\u00bbpromo\u00a0\u00bb width=\u00a0\u00bb1\/2&Prime; css=\u00a0\u00bb.vc_custom_1640002033067{padding-top: 40px !important;padding-right: 40px !important;padding-bottom: 40px !important;padding-left: 40px !important;background: #000000 url(http:\/\/www.hotelcalpetit.es\/wp-content\/uploads\/2021\/11\/pack-turisme-1.jpg?id=472) !important;background-position: center !important;background-repeat: no-repeat !important;background-size: cover !important;}\u00a0\u00bb el_id=\u00a0\u00bbpromo4&Prime;][vc_column_text el_class=\u00a0\u00bbcaslon\u00a0\u00bb color=\u00a0\u00bb#ce9f51&Prime; font_size=\u00a0\u00bb20&Prime;]FORFAIT TOURISME[\/vc_column_text][vc_column_text color=\u00a0\u00bb#ffffff\u00a0\u00bb font_size=\u00a0\u00bb16&Prime;]Une nuit en chambre Grand Confort pour deux personnes avec petit-d\u00e9jeuner. Et la possibilit\u00e9 d&rsquo;ajouter une activit\u00e9 (visite guid\u00e9e, excursion en kayak, d\u00e9gustation de produits locaux, etc.). V\u00e9rifier la disponibilit\u00e9 des activit\u00e9s selon la saison. Prix sous r\u00e9serve de l\u2019option choisie.[\/vc_column_text]<div class=\"vcex-spacing wpex-w-100 wpex-clear\" style=\"height:20px\"><\/div><div class=\"theme-button-block-wrap wpex-block wpex-clear theme-button-wrap wpex-clr\"><a href=\"\/contacte\/\" class=\"vcex-button theme-button outline block promo-hover4\" style=\"padding-top:10px;padding-right:20px;padding-bottom:10px;padding-left:20px;color:#ffffff;border-radius:0;border-color:#ffffff;\" data-wpex-hover='{&quot;background&quot;:&quot;#ffffff&quot;,&quot;color&quot;:&quot;#000000&quot;}'><span class=\"theme-button-inner\">R\u00c9SERVER LE FORFAIT<span class=\"vcex-icon-wrap theme-button-icon-right\"><span class=\"ticon ticon-long-arrow-right\" aria-hidden=\"true\"><\/span><\/span><\/span><\/a><\/div> [\/vc_column_inner][\/vc_row_inner][\/vc_column][vc_column width=\u00a0\u00bb1\/12&Prime;][\/vc_column][\/vc_row][\/vc_section][vc_row disable_element=\u00a0\u00bbyes\u00a0\u00bb][vc_column][vc_raw_html el_class=\u00a0\u00bbpromo-hover1&Prime;]JTNDdGFibGUlM0UlMEElMjAlMjAlMjAlMjAlM0N0ciUzRSUwQSUyMCUyMCUyMCUyMCUyMCUyMCUyMCUyMCUzQ3RkJTNFVEVNUE9SQURBJTIwTUlUSkElMjBJJTIwQkFJWEElM0MlMkZiciUzRSUwQSUzQ2VtJTNFRGVzJTIwZGUlMjBsJUUyJTgwJTk5MSUyMGQlRTIlODAlOTlvY3R1YnJlJTIwYWwlMjAzMSUyMGRlJTIwbWFpZyUzQyUyRmVtJTNFJTNDJTJGdGQlM0UlMEElMjAlMjAlMjAlMjAlMjAlMjAlMjAlMjAlM0N0ZCUzRXh4eCVFMiU4MiVBQyUzQyUyRnRkJTNFJTBBJTIwJTIwJTIwJTIwJTNDJTJGdHIlM0UlMEElMjAlMjAlMjAlMjAlM0N0ciUzRSUwQSUyMCUyMCUyMCUyMCUyMCUyMCUyMCUyMCUzQ3RkJTNFVEVNUE9SQURBJTIwQUxUQSUzQyUyRmJyJTNFJTBBJTNDZW0lM0VEZXMlMjBkZSUyMGwlRTIlODAlOTkxJTIwZGUlMjBqdW55JTIwYWwlMjAzMCUyMGRlJTIwc2V0ZW1icmUlM0MlMkZlbSUzRSUzQyUyRnRkJTNFJTBBJTIwJTIwJTIwJTIwJTIwJTIwJTIwJTIwJTNDdGQlM0V4eHglRTIlODIlQUMlM0MlMkZ0ZCUzRSUwQSUyMCUyMCUyMCUyMCUzQyUyRnRyJTNFJTBBJTNDJTJGdGFibGUlM0U=[\/vc_raw_html][vc_raw_html el_class=\u00a0\u00bbpromo-hover3&Prime;]JTNDdGFibGUlM0UlMEElMjAlMjAlMjAlMjAlM0N0ciUzRSUwQSUyMCUyMCUyMCUyMCUyMCUyMCUyMCUyMCUzQ3RkJTNFVEVNUE9SQURBJTIwTUlUSkElMjBJJTIwQkFJWEElM0MlMkZiciUzRSUwQSUzQ2VtJTNFRGVzJTIwZGUlMjBsJUUyJTgwJTk5MSUyMGQlRTIlODAlOTlvY3R1YnJlJTIwYWwlMjAzMSUyMGRlJTIwbWFpZyUzQyUyRmVtJTNFJTNDJTJGdGQlM0UlMEElMjAlMjAlMjAlMjAlMjAlMjAlMjAlMjAlM0N0ZCUzRXh4eCVFMiU4MiVBQyUzQyUyRnRkJTNFJTBBJTIwJTIwJTIwJTIwJTNDJTJGdHIlM0UlMEElMjAlMjAlMjAlMjAlM0N0ciUzRSUwQSUyMCUyMCUyMCUyMCUyMCUyMCUyMCUyMCUzQ3RkJTNFVEVNUE9SQURBJTIwQUxUQSUzQyUyRmJyJTNFJTBBJTNDZW0lM0VEZXMlMjBkZSUyMGwlRTIlODAlOTkxJTIwZGUlMjBqdW55JTIwYWwlMjAzMCUyMGRlJTIwc2V0ZW1icmUlM0MlMkZlbSUzRSUzQyUyRnRkJTNFJTBBJTIwJTIwJTIwJTIwJTIwJTIwJTIwJTIwJTNDdGQlM0V4eHglRTIlODIlQUMlM0MlMkZ0ZCUzRSUwQSUyMCUyMCUyMCUyMCUzQyUyRnRyJTNFJTBBJTNDJTJGdGFibGUlM0U=[\/vc_raw_html][\/vc_column][\/vc_row]\n","protected":false},"excerpt":{"rendered":"<p>[vc_section][vc_row full_width=\u00a0\u00bbstretch_row_content_no_spaces\u00a0\u00bb css=\u00a0\u00bb.vc_custom_1639741526878{background-image: url(http:\/\/www.hotelcalpetit.es\/wp-content\/uploads\/2021\/11\/promocion-header.jpg?id=438) !important;background-position: center !important;background-repeat: no-repeat !important;background-size: cover !important;}\u00a0\u00bb][vc_column css=\u00a0\u00bb.vc_custom_1636531037622{border-right-width: 20px !important;border-left-width: 20px !important;border-left-color: #ffffff !important;border-left-style: s\u00f2lid !important;border-right-color: #ffffff !important;border-right-style: s\u00f2lid !important;}\u00a0\u00bb][\/vc_column][\/vc_row][vc_row full_width=\u00a0\u00bbstretch_row_content_no_spaces\u00a0\u00bb css=\u00a0\u00bb.vc_custom_1636531471698{padding-top: 20px !important;padding-bottom: 20px !important;background-color: #ce9f51 !important;}\u00a0\u00bb el_class=\u00a0\u00bbbordes\u00a0\u00bb][vc_column][vc_column_text el_class=\u00a0\u00bbcaslon\u00a0\u00bb color=\u00a0\u00bb#ffffff\u00a0\u00bb font_size=\u00a0\u00bb25&Prime; font_weight=\u00a0\u00bb600&Prime; text_align=\u00a0\u00bbcenter\u00a0\u00bb] Promotions [\/vc_column_text][\/vc_column][\/vc_row][vc_row full_width=\u00a0\u00bbstretch_row_content\u00a0\u00bb css=\u00a0\u00bb.vc_custom_1639741533403{padding-top: 100px !important;padding-bottom: 100px !important;}\u00a0\u00bb][vc_column width=\u00a0\u00bb1\/12&Prime;][\/vc_column][vc_column width=\u00a0\u00bb10\/12&Prime;][vc_row_inner equal_height=\u00a0\u00bbyes\u00a0\u00bb gap=\u00a0\u00bb20&Prime; el_class=\u00a0\u00bbpacks\u00a0\u00bb][vc_column_inner el_class=\u00a0\u00bbpromo\u00a0\u00bb width=\u00a0\u00bb1\/2&Prime; css=\u00a0\u00bb.vc_custom_1640002016667{padding-top: 40px&hellip;<\/p>\n","protected":false},"author":1,"featured_media":0,"parent":0,"menu_order":0,"comment_status":"closed","ping_status":"closed","template":"","meta":[],"yoast_head":"<!-- This site is optimized with the Yoast SEO plugin v17.8 - https:\/\/yoast.com\/wordpress\/plugins\/seo\/ -->\n<title>Promotions - Cal Petit<\/title>\n<meta name=\"robots\" content=\"noindex, follow, max-snippet:-1, max-image-preview:large, max-video-preview:-1\" \/>\n<meta property=\"og:locale\" content=\"fr_FR\" \/>\n<meta property=\"og:type\" content=\"article\" \/>\n<meta property=\"og:title\" content=\"Promotions - Cal Petit\" \/>\n<meta property=\"og:description\" content=\"[vc_section][vc_row full_width=\u00a0\u00bbstretch_row_content_no_spaces\u00a0\u00bb css=\u00a0\u00bb.vc_custom_1639741526878{background-image: url(http:\/\/www.hotelcalpetit.es\/wp-content\/uploads\/2021\/11\/promocion-header.jpg?id=438) !important;background-position: center !important;background-repeat: no-repeat !important;background-size: cover !important;}\u00a0\u00bb][vc_column css=\u00a0\u00bb.vc_custom_1636531037622{border-right-width: 20px !important;border-left-width: 20px !important;border-left-color: #ffffff !important;border-left-style: s\u00f2lid !important;border-right-color: #ffffff !important;border-right-style: s\u00f2lid !important;}\u00a0\u00bb][\/vc_column][\/vc_row][vc_row full_width=\u00a0\u00bbstretch_row_content_no_spaces\u00a0\u00bb css=\u00a0\u00bb.vc_custom_1636531471698{padding-top: 20px !important;padding-bottom: 20px !important;background-color: #ce9f51 !important;}\u00a0\u00bb el_class=\u00a0\u00bbbordes\u00a0\u00bb][vc_column][vc_column_text el_class=\u00a0\u00bbcaslon\u00a0\u00bb color=\u00a0\u00bb#ffffff\u00a0\u00bb font_size=\u00a0\u00bb25&Prime; font_weight=\u00a0\u00bb600&Prime; text_align=\u00a0\u00bbcenter\u00a0\u00bb] Promotions [\/vc_column_text][\/vc_column][\/vc_row][vc_row full_width=\u00a0\u00bbstretch_row_content\u00a0\u00bb css=\u00a0\u00bb.vc_custom_1639741533403{padding-top: 100px !important;padding-bottom: 100px !important;}\u00a0\u00bb][vc_column width=\u00a0\u00bb1\/12&Prime;][\/vc_column][vc_column width=\u00a0\u00bb10\/12&Prime;][vc_row_inner equal_height=\u00a0\u00bbyes\u00a0\u00bb gap=\u00a0\u00bb20&Prime; el_class=\u00a0\u00bbpacks\u00a0\u00bb][vc_column_inner el_class=\u00a0\u00bbpromo\u00a0\u00bb width=\u00a0\u00bb1\/2&Prime; css=\u00a0\u00bb.vc_custom_1640002016667{padding-top: 40px&hellip;\" \/>\n<meta property=\"og:url\" content=\"https:\/\/www.hotelcalpetit.es\/fr\/promocions\/\" \/>\n<meta property=\"og:site_name\" content=\"Cal Petit\" \/>\n<meta property=\"article:modified_time\" content=\"2022-02-24T04:54:23+00:00\" \/>\n<meta name=\"twitter:card\" content=\"summary_large_image\" \/>\n<meta name=\"twitter:label1\" content=\"Dur\u00e9e de lecture estim\u00e9e\" \/>\n\t<meta name=\"twitter:data1\" content=\"2 minutes\" \/>\n<script type=\"application\/ld+json\" class=\"yoast-schema-graph\">{\"@context\":\"https:\/\/schema.org\",\"@graph\":[{\"@type\":\"WebSite\",\"@id\":\"https:\/\/www.hotelcalpetit.es\/#website\",\"url\":\"https:\/\/www.hotelcalpetit.es\/\",\"name\":\"Cal Petit\",\"description\":\"\",\"potentialAction\":[{\"@type\":\"SearchAction\",\"target\":{\"@type\":\"EntryPoint\",\"urlTemplate\":\"https:\/\/www.hotelcalpetit.es\/?s={search_term_string}\"},\"query-input\":\"required name=search_term_string\"}],\"inLanguage\":\"fr-FR\"},{\"@type\":\"WebPage\",\"@id\":\"https:\/\/www.hotelcalpetit.es\/fr\/promocions\/#webpage\",\"url\":\"https:\/\/www.hotelcalpetit.es\/fr\/promocions\/\",\"name\":\"Promotions - Cal Petit\",\"isPartOf\":{\"@id\":\"https:\/\/www.hotelcalpetit.es\/#website\"},\"datePublished\":\"2021-09-16T07:28:56+00:00\",\"dateModified\":\"2022-02-24T04:54:23+00:00\",\"breadcrumb\":{\"@id\":\"https:\/\/www.hotelcalpetit.es\/fr\/promocions\/#breadcrumb\"},\"inLanguage\":\"fr-FR\",\"potentialAction\":[{\"@type\":\"ReadAction\",\"target\":[\"https:\/\/www.hotelcalpetit.es\/fr\/promocions\/\"]}]},{\"@type\":\"BreadcrumbList\",\"@id\":\"https:\/\/www.hotelcalpetit.es\/fr\/promocions\/#breadcrumb\",\"itemListElement\":[{\"@type\":\"ListItem\",\"position\":1,\"name\":\"Inici\",\"item\":\"https:\/\/www.hotelcalpetit.es\/fr\/\"},{\"@type\":\"ListItem\",\"position\":2,\"name\":\"Promotions\"}]}]}<\/script>\n<!-- \/ Yoast SEO plugin. -->","yoast_head_json":{"title":"Promotions - Cal Petit","robots":{"index":"noindex","follow":"follow","max-snippet":"max-snippet:-1","max-image-preview":"max-image-preview:large","max-video-preview":"max-video-preview:-1"},"og_locale":"fr_FR","og_type":"article","og_title":"Promotions - Cal Petit","og_description":"[vc_section][vc_row full_width=\u00a0\u00bbstretch_row_content_no_spaces\u00a0\u00bb css=\u00a0\u00bb.vc_custom_1639741526878{background-image: url(http:\/\/www.hotelcalpetit.es\/wp-content\/uploads\/2021\/11\/promocion-header.jpg?id=438) !important;background-position: center !important;background-repeat: no-repeat !important;background-size: cover !important;}\u00a0\u00bb][vc_column css=\u00a0\u00bb.vc_custom_1636531037622{border-right-width: 20px !important;border-left-width: 20px !important;border-left-color: #ffffff !important;border-left-style: s\u00f2lid !important;border-right-color: #ffffff !important;border-right-style: s\u00f2lid !important;}\u00a0\u00bb][\/vc_column][\/vc_row][vc_row full_width=\u00a0\u00bbstretch_row_content_no_spaces\u00a0\u00bb css=\u00a0\u00bb.vc_custom_1636531471698{padding-top: 20px !important;padding-bottom: 20px !important;background-color: #ce9f51 !important;}\u00a0\u00bb el_class=\u00a0\u00bbbordes\u00a0\u00bb][vc_column][vc_column_text el_class=\u00a0\u00bbcaslon\u00a0\u00bb color=\u00a0\u00bb#ffffff\u00a0\u00bb font_size=\u00a0\u00bb25&Prime; font_weight=\u00a0\u00bb600&Prime; text_align=\u00a0\u00bbcenter\u00a0\u00bb] Promotions [\/vc_column_text][\/vc_column][\/vc_row][vc_row full_width=\u00a0\u00bbstretch_row_content\u00a0\u00bb css=\u00a0\u00bb.vc_custom_1639741533403{padding-top: 100px !important;padding-bottom: 100px !important;}\u00a0\u00bb][vc_column width=\u00a0\u00bb1\/12&Prime;][\/vc_column][vc_column width=\u00a0\u00bb10\/12&Prime;][vc_row_inner equal_height=\u00a0\u00bbyes\u00a0\u00bb gap=\u00a0\u00bb20&Prime; el_class=\u00a0\u00bbpacks\u00a0\u00bb][vc_column_inner el_class=\u00a0\u00bbpromo\u00a0\u00bb width=\u00a0\u00bb1\/2&Prime; css=\u00a0\u00bb.vc_custom_1640002016667{padding-top: 40px&hellip;","og_url":"https:\/\/www.hotelcalpetit.es\/fr\/promocions\/","og_site_name":"Cal Petit","article_modified_time":"2022-02-24T04:54:23+00:00","twitter_card":"summary_large_image","twitter_misc":{"Dur\u00e9e de lecture estim\u00e9e":"2 minutes"},"schema":{"@context":"https:\/\/schema.org","@graph":[{"@type":"WebSite","@id":"https:\/\/www.hotelcalpetit.es\/#website","url":"https:\/\/www.hotelcalpetit.es\/","name":"Cal Petit","description":"","potentialAction":[{"@type":"SearchAction","target":{"@type":"EntryPoint","urlTemplate":"https:\/\/www.hotelcalpetit.es\/?s={search_term_string}"},"query-input":"required name=search_term_string"}],"inLanguage":"fr-FR"},{"@type":"WebPage","@id":"https:\/\/www.hotelcalpetit.es\/fr\/promocions\/#webpage","url":"https:\/\/www.hotelcalpetit.es\/fr\/promocions\/","name":"Promotions - Cal Petit","isPartOf":{"@id":"https:\/\/www.hotelcalpetit.es\/#website"},"datePublished":"2021-09-16T07:28:56+00:00","dateModified":"2022-02-24T04:54:23+00:00","breadcrumb":{"@id":"https:\/\/www.hotelcalpetit.es\/fr\/promocions\/#breadcrumb"},"inLanguage":"fr-FR","potentialAction":[{"@type":"ReadAction","target":["https:\/\/www.hotelcalpetit.es\/fr\/promocions\/"]}]},{"@type":"BreadcrumbList","@id":"https:\/\/www.hotelcalpetit.es\/fr\/promocions\/#breadcrumb","itemListElement":[{"@type":"ListItem","position":1,"name":"Inici","item":"https:\/\/www.hotelcalpetit.es\/fr\/"},{"@type":"ListItem","position":2,"name":"Promotions"}]}]}},"_links":{"self":[{"href":"https:\/\/www.hotelcalpetit.es\/fr\/wp-json\/wp\/v2\/pages\/1095"}],"collection":[{"href":"https:\/\/www.hotelcalpetit.es\/fr\/wp-json\/wp\/v2\/pages"}],"about":[{"href":"https:\/\/www.hotelcalpetit.es\/fr\/wp-json\/wp\/v2\/types\/page"}],"author":[{"embeddable":true,"href":"https:\/\/www.hotelcalpetit.es\/fr\/wp-json\/wp\/v2\/users\/1"}],"replies":[{"embeddable":true,"href":"https:\/\/www.hotelcalpetit.es\/fr\/wp-json\/wp\/v2\/comments?post=1095"}],"version-history":[{"count":2,"href":"https:\/\/www.hotelcalpetit.es\/fr\/wp-json\/wp\/v2\/pages\/1095\/revisions"}],"predecessor-version":[{"id":1097,"href":"https:\/\/www.hotelcalpetit.es\/fr\/wp-json\/wp\/v2\/pages\/1095\/revisions\/1097"}],"wp:attachment":[{"href":"https:\/\/www.hotelcalpetit.es\/fr\/wp-json\/wp\/v2\/media?parent=1095"}],"curies":[{"name":"wp","href":"https:\/\/api.w.org\/{rel}","templated":true}]}}