{"id":1099,"date":"2022-01-07T12:13:04","date_gmt":"2022-01-07T12:13:04","guid":{"rendered":"https:\/\/www.hotelcalpetit.es\/mesures-covid\/"},"modified":"2022-02-24T04:58:18","modified_gmt":"2022-02-24T04:58:18","slug":"mesures-covid","status":"publish","type":"page","link":"https:\/\/www.hotelcalpetit.es\/fr\/mesures-covid\/","title":{"rendered":"MESURES ANTI-COVID"},"content":{"rendered":"[vc_section][vc_row full_width=\u00a0\u00bbstretch_row_content_no_spaces\u00a0\u00bb css=\u00a0\u00bb.vc_custom_1636531128876{margin-top: 20px !important;background-image: url(http:\/\/www.hotelcalpetit.es\/wp-content\/uploads\/2021\/11\/cabecera-hotel.jpg?id=190) !important;background-position: center !important;background-repeat: no-repeat !important;background-size: cover !important;}\u00a0\u00bb][vc_column css=\u00a0\u00bb.vc_custom_1636531037622{border-right-width: 20px !important;border-left-width: 20px !important;border-left-color: #ffffff !important;border-left-style: s\u00f2lid !important;border-right-color: #ffffff !important;border-right-style: s\u00f2lid !important;}\u00a0\u00bb]<div class=\"vcex-spacing wpex-w-100 wpex-clear bordes hidden-phone\" style=\"height:600px\"><\/div><div class=\"vcex-spacing wpex-w-100 wpex-clear bordes visible-phone\" style=\"height:300px\"><\/div>[\/vc_column][\/vc_row][vc_row full_width=\u00a0\u00bbstretch_row_content_no_spaces\u00a0\u00bb css=\u00a0\u00bb.vc_custom_1636531471698{padding-top: 20px !important;padding-bottom: 20px !important;background-color: #ce9f51 !important;}\u00a0\u00bb el_class=\u00a0\u00bbbordes\u00a0\u00bb][vc_column][vc_column_text el_class=\u00a0\u00bbcaslon\u00a0\u00bb color=\u00a0\u00bb#ffffff\u00a0\u00bb font_size=\u00a0\u00bb25&Prime; font_weight=\u00a0\u00bb600&Prime; text_align=\u00a0\u00bbcenter\u00a0\u00bb]\n<h1>MESURES ANTI-COVID<\/h1>\n[\/vc_column_text][\/vc_column][\/vc_row][vc_row css=\u00a0\u00bb.vc_custom_1637312201308{padding-top: 40px !important;padding-bottom: 40px !important;}\u00a0\u00bb][vc_column][vc_column_text color=\u00a0\u00bb#000000&Prime; font_size=\u00a0\u00bb16&Prime;]<b>Mesures appliqu\u00e9es selon les recommandations des autorit\u00e9s sanitaires<\/b><\/p>\n<ul>\n<li>Lavez-vous les mains correctement et fr\u00e9quemment.<\/li>\n<li>Couvrez-vous le nez et la bouche avec un mouchoir lorsque vous \u00e9ternuez.<\/li>\n<li>Maintenir une distance de s\u00e9curit\u00e9 de 2 m\u00e8tres entre les personnes.<\/li>\n<li>Prot\u00e9gez les voies respiratoires : nez et bouche, \u00e0 l&rsquo;aide de masques ou d&rsquo;autres \u00e9l\u00e9ments qui garantissent cette protection.<\/li>\n<\/ul>\n<p><b>Mesures de s\u00e9curit\u00e9 de l&rsquo;H\u00f4tel Restaurant Cal Petit<\/b><\/p>\n<ul>\n<li>Affiches de conseils pr\u00e9ventifs et informatifs pour les clients.<\/li>\n<li>Gel d\u00e9sinfectant dans tous les locaux de l&rsquo;h\u00f4tel.<\/li>\n<li>D\u00e9sinfection et nouveau protocole de nettoyage des chambres et parties communes.<\/li>\n<li>Le personnel dispose d&rsquo;\u00e9quipements de protection dans les zones de travail.<\/li>\n<li>Personnel enti\u00e8rement form\u00e9 aux mesures pr\u00e9ventives contre la Covid-19.<\/li>\n<li>D\u00e9sinfection du mat\u00e9riel remis au client (cartes de chambre).<\/li>\n<li>Mise \u00e0 disposition de masques et gants.<\/li>\n<li>Hygi\u00e8ne et d\u00e9sinfection maximales de la cuisine et du restaurant.<\/li>\n<\/ul>\n[\/vc_column_text][\/vc_column][\/vc_row][\/vc_section]\n","protected":false},"excerpt":{"rendered":"<p>[vc_section][vc_row full_width=\u00a0\u00bbstretch_row_content_no_spaces\u00a0\u00bb css=\u00a0\u00bb.vc_custom_1636531128876{margin-top: 20px !important;background-image: url(http:\/\/www.hotelcalpetit.es\/wp-content\/uploads\/2021\/11\/cabecera-hotel.jpg?id=190) !important;background-position: center !important;background-repeat: no-repeat !important;background-size: cover !important;}\u00a0\u00bb][vc_column css=\u00a0\u00bb.vc_custom_1636531037622{border-right-width: 20px !important;border-left-width: 20px !important;border-left-color: #ffffff !important;border-left-style: s\u00f2lid !important;border-right-color: #ffffff !important;border-right-style: s\u00f2lid !important;}\u00a0\u00bb][\/vc_column][\/vc_row][vc_row full_width=\u00a0\u00bbstretch_row_content_no_spaces\u00a0\u00bb css=\u00a0\u00bb.vc_custom_1636531471698{padding-top: 20px !important;padding-bottom: 20px !important;background-color: #ce9f51 !important;}\u00a0\u00bb el_class=\u00a0\u00bbbordes\u00a0\u00bb][vc_column][vc_column_text el_class=\u00a0\u00bbcaslon\u00a0\u00bb color=\u00a0\u00bb#ffffff\u00a0\u00bb font_size=\u00a0\u00bb25&Prime; font_weight=\u00a0\u00bb600&Prime; text_align=\u00a0\u00bbcenter\u00a0\u00bb] MESURES ANTI-COVID [\/vc_column_text][\/vc_column][\/vc_row][vc_row css=\u00a0\u00bb.vc_custom_1637312201308{padding-top: 40px !important;padding-bottom: 40px !important;}\u00a0\u00bb][vc_column][vc_column_text color=\u00a0\u00bb#000000&Prime; font_size=\u00a0\u00bb16&Prime;]Mesures appliqu\u00e9es selon les recommandations des&hellip;<\/p>\n","protected":false},"author":2,"featured_media":0,"parent":0,"menu_order":0,"comment_status":"closed","ping_status":"closed","template":"","meta":[],"yoast_head":"<!-- This site is optimized with the Yoast SEO plugin v17.8 - https:\/\/yoast.com\/wordpress\/plugins\/seo\/ -->\n<title>MESURES ANTI-COVID - Cal Petit<\/title>\n<meta name=\"robots\" content=\"noindex, follow, max-snippet:-1, max-image-preview:large, max-video-preview:-1\" \/>\n<meta property=\"og:locale\" content=\"fr_FR\" \/>\n<meta property=\"og:type\" content=\"article\" \/>\n<meta property=\"og:title\" content=\"MESURES ANTI-COVID - Cal Petit\" \/>\n<meta property=\"og:description\" content=\"[vc_section][vc_row full_width=\u00a0\u00bbstretch_row_content_no_spaces\u00a0\u00bb css=\u00a0\u00bb.vc_custom_1636531128876{margin-top: 20px !important;background-image: url(http:\/\/www.hotelcalpetit.es\/wp-content\/uploads\/2021\/11\/cabecera-hotel.jpg?id=190) !important;background-position: center !important;background-repeat: no-repeat !important;background-size: cover !important;}\u00a0\u00bb][vc_column css=\u00a0\u00bb.vc_custom_1636531037622{border-right-width: 20px !important;border-left-width: 20px !important;border-left-color: #ffffff !important;border-left-style: s\u00f2lid !important;border-right-color: #ffffff !important;border-right-style: s\u00f2lid !important;}\u00a0\u00bb][\/vc_column][\/vc_row][vc_row full_width=\u00a0\u00bbstretch_row_content_no_spaces\u00a0\u00bb css=\u00a0\u00bb.vc_custom_1636531471698{padding-top: 20px !important;padding-bottom: 20px !important;background-color: #ce9f51 !important;}\u00a0\u00bb el_class=\u00a0\u00bbbordes\u00a0\u00bb][vc_column][vc_column_text el_class=\u00a0\u00bbcaslon\u00a0\u00bb color=\u00a0\u00bb#ffffff\u00a0\u00bb font_size=\u00a0\u00bb25&Prime; font_weight=\u00a0\u00bb600&Prime; text_align=\u00a0\u00bbcenter\u00a0\u00bb] MESURES ANTI-COVID [\/vc_column_text][\/vc_column][\/vc_row][vc_row css=\u00a0\u00bb.vc_custom_1637312201308{padding-top: 40px !important;padding-bottom: 40px !important;}\u00a0\u00bb][vc_column][vc_column_text color=\u00a0\u00bb#000000&Prime; font_size=\u00a0\u00bb16&Prime;]Mesures appliqu\u00e9es selon les recommandations des&hellip;\" \/>\n<meta property=\"og:url\" content=\"https:\/\/www.hotelcalpetit.es\/fr\/mesures-covid\/\" \/>\n<meta property=\"og:site_name\" content=\"Cal Petit\" \/>\n<meta property=\"article:modified_time\" content=\"2022-02-24T04:58:18+00:00\" \/>\n<meta name=\"twitter:card\" content=\"summary_large_image\" \/>\n<meta name=\"twitter:label1\" content=\"Dur\u00e9e de lecture estim\u00e9e\" \/>\n\t<meta name=\"twitter:data1\" content=\"2 minutes\" \/>\n<script type=\"application\/ld+json\" class=\"yoast-schema-graph\">{\"@context\":\"https:\/\/schema.org\",\"@graph\":[{\"@type\":\"WebSite\",\"@id\":\"https:\/\/www.hotelcalpetit.es\/#website\",\"url\":\"https:\/\/www.hotelcalpetit.es\/\",\"name\":\"Cal Petit\",\"description\":\"\",\"potentialAction\":[{\"@type\":\"SearchAction\",\"target\":{\"@type\":\"EntryPoint\",\"urlTemplate\":\"https:\/\/www.hotelcalpetit.es\/?s={search_term_string}\"},\"query-input\":\"required name=search_term_string\"}],\"inLanguage\":\"fr-FR\"},{\"@type\":\"WebPage\",\"@id\":\"https:\/\/www.hotelcalpetit.es\/fr\/mesures-covid\/#webpage\",\"url\":\"https:\/\/www.hotelcalpetit.es\/fr\/mesures-covid\/\",\"name\":\"MESURES ANTI-COVID - Cal Petit\",\"isPartOf\":{\"@id\":\"https:\/\/www.hotelcalpetit.es\/#website\"},\"datePublished\":\"2022-01-07T12:13:04+00:00\",\"dateModified\":\"2022-02-24T04:58:18+00:00\",\"breadcrumb\":{\"@id\":\"https:\/\/www.hotelcalpetit.es\/fr\/mesures-covid\/#breadcrumb\"},\"inLanguage\":\"fr-FR\",\"potentialAction\":[{\"@type\":\"ReadAction\",\"target\":[\"https:\/\/www.hotelcalpetit.es\/fr\/mesures-covid\/\"]}]},{\"@type\":\"BreadcrumbList\",\"@id\":\"https:\/\/www.hotelcalpetit.es\/fr\/mesures-covid\/#breadcrumb\",\"itemListElement\":[{\"@type\":\"ListItem\",\"position\":1,\"name\":\"Inici\",\"item\":\"https:\/\/www.hotelcalpetit.es\/fr\/\"},{\"@type\":\"ListItem\",\"position\":2,\"name\":\"MESURES ANTI-COVID\"}]}]}<\/script>\n<!-- \/ Yoast SEO plugin. -->","yoast_head_json":{"title":"MESURES ANTI-COVID - Cal Petit","robots":{"index":"noindex","follow":"follow","max-snippet":"max-snippet:-1","max-image-preview":"max-image-preview:large","max-video-preview":"max-video-preview:-1"},"og_locale":"fr_FR","og_type":"article","og_title":"MESURES ANTI-COVID - Cal Petit","og_description":"[vc_section][vc_row full_width=\u00a0\u00bbstretch_row_content_no_spaces\u00a0\u00bb css=\u00a0\u00bb.vc_custom_1636531128876{margin-top: 20px !important;background-image: url(http:\/\/www.hotelcalpetit.es\/wp-content\/uploads\/2021\/11\/cabecera-hotel.jpg?id=190) !important;background-position: center !important;background-repeat: no-repeat !important;background-size: cover !important;}\u00a0\u00bb][vc_column css=\u00a0\u00bb.vc_custom_1636531037622{border-right-width: 20px !important;border-left-width: 20px !important;border-left-color: #ffffff !important;border-left-style: s\u00f2lid !important;border-right-color: #ffffff !important;border-right-style: s\u00f2lid !important;}\u00a0\u00bb][\/vc_column][\/vc_row][vc_row full_width=\u00a0\u00bbstretch_row_content_no_spaces\u00a0\u00bb css=\u00a0\u00bb.vc_custom_1636531471698{padding-top: 20px !important;padding-bottom: 20px !important;background-color: #ce9f51 !important;}\u00a0\u00bb el_class=\u00a0\u00bbbordes\u00a0\u00bb][vc_column][vc_column_text el_class=\u00a0\u00bbcaslon\u00a0\u00bb color=\u00a0\u00bb#ffffff\u00a0\u00bb font_size=\u00a0\u00bb25&Prime; font_weight=\u00a0\u00bb600&Prime; text_align=\u00a0\u00bbcenter\u00a0\u00bb] MESURES ANTI-COVID [\/vc_column_text][\/vc_column][\/vc_row][vc_row css=\u00a0\u00bb.vc_custom_1637312201308{padding-top: 40px !important;padding-bottom: 40px !important;}\u00a0\u00bb][vc_column][vc_column_text color=\u00a0\u00bb#000000&Prime; font_size=\u00a0\u00bb16&Prime;]Mesures appliqu\u00e9es selon les recommandations des&hellip;","og_url":"https:\/\/www.hotelcalpetit.es\/fr\/mesures-covid\/","og_site_name":"Cal Petit","article_modified_time":"2022-02-24T04:58:18+00:00","twitter_card":"summary_large_image","twitter_misc":{"Dur\u00e9e de lecture estim\u00e9e":"2 minutes"},"schema":{"@context":"https:\/\/schema.org","@graph":[{"@type":"WebSite","@id":"https:\/\/www.hotelcalpetit.es\/#website","url":"https:\/\/www.hotelcalpetit.es\/","name":"Cal Petit","description":"","potentialAction":[{"@type":"SearchAction","target":{"@type":"EntryPoint","urlTemplate":"https:\/\/www.hotelcalpetit.es\/?s={search_term_string}"},"query-input":"required name=search_term_string"}],"inLanguage":"fr-FR"},{"@type":"WebPage","@id":"https:\/\/www.hotelcalpetit.es\/fr\/mesures-covid\/#webpage","url":"https:\/\/www.hotelcalpetit.es\/fr\/mesures-covid\/","name":"MESURES ANTI-COVID - Cal Petit","isPartOf":{"@id":"https:\/\/www.hotelcalpetit.es\/#website"},"datePublished":"2022-01-07T12:13:04+00:00","dateModified":"2022-02-24T04:58:18+00:00","breadcrumb":{"@id":"https:\/\/www.hotelcalpetit.es\/fr\/mesures-covid\/#breadcrumb"},"inLanguage":"fr-FR","potentialAction":[{"@type":"ReadAction","target":["https:\/\/www.hotelcalpetit.es\/fr\/mesures-covid\/"]}]},{"@type":"BreadcrumbList","@id":"https:\/\/www.hotelcalpetit.es\/fr\/mesures-covid\/#breadcrumb","itemListElement":[{"@type":"ListItem","position":1,"name":"Inici","item":"https:\/\/www.hotelcalpetit.es\/fr\/"},{"@type":"ListItem","position":2,"name":"MESURES ANTI-COVID"}]}]}},"_links":{"self":[{"href":"https:\/\/www.hotelcalpetit.es\/fr\/wp-json\/wp\/v2\/pages\/1099"}],"collection":[{"href":"https:\/\/www.hotelcalpetit.es\/fr\/wp-json\/wp\/v2\/pages"}],"about":[{"href":"https:\/\/www.hotelcalpetit.es\/fr\/wp-json\/wp\/v2\/types\/page"}],"author":[{"embeddable":true,"href":"https:\/\/www.hotelcalpetit.es\/fr\/wp-json\/wp\/v2\/users\/2"}],"replies":[{"embeddable":true,"href":"https:\/\/www.hotelcalpetit.es\/fr\/wp-json\/wp\/v2\/comments?post=1099"}],"version-history":[{"count":1,"href":"https:\/\/www.hotelcalpetit.es\/fr\/wp-json\/wp\/v2\/pages\/1099\/revisions"}],"predecessor-version":[{"id":1100,"href":"https:\/\/www.hotelcalpetit.es\/fr\/wp-json\/wp\/v2\/pages\/1099\/revisions\/1100"}],"wp:attachment":[{"href":"https:\/\/www.hotelcalpetit.es\/fr\/wp-json\/wp\/v2\/media?parent=1099"}],"curies":[{"name":"wp","href":"https:\/\/api.w.org\/{rel}","templated":true}]}}